{"id":119545,"date":"2025-09-29T09:28:51","date_gmt":"2025-09-29T07:28:51","guid":{"rendered":"https:\/\/abenihair.com\/product\/apres-shampooing-citrus-cocktail\/"},"modified":"2025-09-29T09:28:51","modified_gmt":"2025-09-29T07:28:51","slug":"apres-shampooing-citrus-cocktail","status":"publish","type":"product","link":"https:\/\/abenihair.com\/en\/product\/apres-shampooing-citrus-cocktail\/","title":{"rendered":"Apr\u00e8s-shampooing, Citrus Cocktail"},"content":{"rendered":"<p>Nourrit les pointes des cheveux et pr\u00e9vient les cassures et les pointes fourchues. Les cheveux deviennent plus soyeux et plus faciles \u00e0 coiffer. Appliquer sur les pointes, laisser absorber pendant 1 \u00e0 3 minutes et rincer.<\/p>\n","protected":false},"excerpt":{"rendered":"<p>Nourrit les pointes des cheveux et pr\u00e9vient les cassures et les pointes fourchues. Les cheveux deviennent plus soyeux et plus faciles \u00e0 coiffer. Appliquer sur les pointes, laisser absorber pendant 1 \u00e0 3 minutes et rincer.<\/p>\n","protected":false},"featured_media":119504,"comment_status":"closed","ping_status":"closed","template":"","meta":[],"product_brand":[],"product_cat":[833],"product_tag":[],"class_list":{"0":"post-119545","1":"product","2":"type-product","3":"status-publish","4":"has-post-thumbnail","6":"product_cat-non-classifiee","8":"first","9":"instock","10":"taxable","11":"shipping-taxable","12":"purchasable","13":"product-type-simple"},"acf":[],"yoast_head":"<!-- This site is optimized with the Yoast SEO plugin v24.3 - https:\/\/yoast.com\/wordpress\/plugins\/seo\/ -->\n<title>Apr\u00e8s-shampooing, Citrus Cocktail - ABENI HAIR<\/title>\n<meta name=\"robots\" content=\"index, follow, max-snippet:-1, max-image-preview:large, max-video-preview:-1\" \/>\n<link rel=\"canonical\" href=\"https:\/\/abenihair.com\/en\/product\/apres-shampooing-citrus-cocktail\/\" \/>\n<meta property=\"og:locale\" content=\"en_US\" \/>\n<meta property=\"og:type\" content=\"article\" \/>\n<meta property=\"og:title\" content=\"Apr\u00e8s-shampooing, Citrus Cocktail - ABENI HAIR\" \/>\n<meta property=\"og:description\" content=\"Nourrit les pointes des cheveux et pr\u00e9vient les cassures et les pointes fourchues. Les cheveux deviennent plus soyeux et plus faciles \u00e0 coiffer. Appliquer sur les pointes, laisser absorber pendant 1 \u00e0 3 minutes et rincer.\" \/>\n<meta property=\"og:url\" content=\"https:\/\/abenihair.com\/en\/product\/apres-shampooing-citrus-cocktail\/\" \/>\n<meta property=\"og:site_name\" content=\"ABENI HAIR\" \/>\n<meta name=\"twitter:card\" content=\"summary_large_image\" \/>\n<script type=\"application\/ld+json\" class=\"yoast-schema-graph\">{\"@context\":\"https:\/\/schema.org\",\"@graph\":[{\"@type\":\"WebPage\",\"@id\":\"https:\/\/abenihair.com\/en\/product\/apres-shampooing-citrus-cocktail\/\",\"url\":\"https:\/\/abenihair.com\/en\/product\/apres-shampooing-citrus-cocktail\/\",\"name\":\"Apr\u00e8s-shampooing, Citrus Cocktail - ABENI HAIR\",\"isPartOf\":{\"@id\":\"https:\/\/abenihair.com\/en\/#website\"},\"primaryImageOfPage\":{\"@id\":\"https:\/\/abenihair.com\/en\/product\/apres-shampooing-citrus-cocktail\/#primaryimage\"},\"image\":{\"@id\":\"https:\/\/abenihair.com\/en\/product\/apres-shampooing-citrus-cocktail\/#primaryimage\"},\"thumbnailUrl\":\"https:\/\/i0.wp.com\/abenihair.com\/wp-content\/uploads\/2025\/09\/lnedkdZO9dNdBaEYbRQchUUBi48EJAp--scaled.jpg?fit=1930%2C2560&ssl=1\",\"datePublished\":\"2025-09-29T07:28:51+00:00\",\"dateModified\":\"2025-09-29T07:28:51+00:00\",\"breadcrumb\":{\"@id\":\"https:\/\/abenihair.com\/en\/product\/apres-shampooing-citrus-cocktail\/#breadcrumb\"},\"inLanguage\":\"en-US\",\"potentialAction\":[{\"@type\":\"ReadAction\",\"target\":[\"https:\/\/abenihair.com\/en\/product\/apres-shampooing-citrus-cocktail\/\"]}]},{\"@type\":\"ImageObject\",\"inLanguage\":\"en-US\",\"@id\":\"https:\/\/abenihair.com\/en\/product\/apres-shampooing-citrus-cocktail\/#primaryimage\",\"url\":\"https:\/\/i0.wp.com\/abenihair.com\/wp-content\/uploads\/2025\/09\/lnedkdZO9dNdBaEYbRQchUUBi48EJAp--scaled.jpg?fit=1930%2C2560&ssl=1\",\"contentUrl\":\"https:\/\/i0.wp.com\/abenihair.com\/wp-content\/uploads\/2025\/09\/lnedkdZO9dNdBaEYbRQchUUBi48EJAp--scaled.jpg?fit=1930%2C2560&ssl=1\",\"width\":1930,\"height\":2560},{\"@type\":\"BreadcrumbList\",\"@id\":\"https:\/\/abenihair.com\/en\/product\/apres-shampooing-citrus-cocktail\/#breadcrumb\",\"itemListElement\":[{\"@type\":\"ListItem\",\"position\":1,\"name\":\"Accueil\",\"item\":\"https:\/\/abenihair.com\/en\/\"},{\"@type\":\"ListItem\",\"position\":2,\"name\":\"Store\",\"item\":\"https:\/\/abenihair.com\/en\/store\/\"},{\"@type\":\"ListItem\",\"position\":3,\"name\":\"Apr\u00e8s-shampooing, Citrus Cocktail\"}]},{\"@type\":\"WebSite\",\"@id\":\"https:\/\/abenihair.com\/en\/#website\",\"url\":\"https:\/\/abenihair.com\/en\/\",\"name\":\"ABENI HAIR\",\"description\":\"L&#039;excellence sinon rien\",\"potentialAction\":[{\"@type\":\"SearchAction\",\"target\":{\"@type\":\"EntryPoint\",\"urlTemplate\":\"https:\/\/abenihair.com\/en\/?s={search_term_string}\"},\"query-input\":{\"@type\":\"PropertyValueSpecification\",\"valueRequired\":true,\"valueName\":\"search_term_string\"}}],\"inLanguage\":\"en-US\"}]}<\/script>\n<!-- \/ Yoast SEO plugin. -->","yoast_head_json":{"title":"Apr\u00e8s-shampooing, Citrus Cocktail - ABENI HAIR","robots":{"index":"index","follow":"follow","max-snippet":"max-snippet:-1","max-image-preview":"max-image-preview:large","max-video-preview":"max-video-preview:-1"},"canonical":"https:\/\/abenihair.com\/en\/product\/apres-shampooing-citrus-cocktail\/","og_locale":"en_US","og_type":"article","og_title":"Apr\u00e8s-shampooing, Citrus Cocktail - ABENI HAIR","og_description":"Nourrit les pointes des cheveux et pr\u00e9vient les cassures et les pointes fourchues. Les cheveux deviennent plus soyeux et plus faciles \u00e0 coiffer. Appliquer sur les pointes, laisser absorber pendant 1 \u00e0 3 minutes et rincer.","og_url":"https:\/\/abenihair.com\/en\/product\/apres-shampooing-citrus-cocktail\/","og_site_name":"ABENI HAIR","twitter_card":"summary_large_image","schema":{"@context":"https:\/\/schema.org","@graph":[{"@type":"WebPage","@id":"https:\/\/abenihair.com\/en\/product\/apres-shampooing-citrus-cocktail\/","url":"https:\/\/abenihair.com\/en\/product\/apres-shampooing-citrus-cocktail\/","name":"Apr\u00e8s-shampooing, Citrus Cocktail - ABENI HAIR","isPartOf":{"@id":"https:\/\/abenihair.com\/en\/#website"},"primaryImageOfPage":{"@id":"https:\/\/abenihair.com\/en\/product\/apres-shampooing-citrus-cocktail\/#primaryimage"},"image":{"@id":"https:\/\/abenihair.com\/en\/product\/apres-shampooing-citrus-cocktail\/#primaryimage"},"thumbnailUrl":"https:\/\/i0.wp.com\/abenihair.com\/wp-content\/uploads\/2025\/09\/lnedkdZO9dNdBaEYbRQchUUBi48EJAp--scaled.jpg?fit=1930%2C2560&ssl=1","datePublished":"2025-09-29T07:28:51+00:00","dateModified":"2025-09-29T07:28:51+00:00","breadcrumb":{"@id":"https:\/\/abenihair.com\/en\/product\/apres-shampooing-citrus-cocktail\/#breadcrumb"},"inLanguage":"en-US","potentialAction":[{"@type":"ReadAction","target":["https:\/\/abenihair.com\/en\/product\/apres-shampooing-citrus-cocktail\/"]}]},{"@type":"ImageObject","inLanguage":"en-US","@id":"https:\/\/abenihair.com\/en\/product\/apres-shampooing-citrus-cocktail\/#primaryimage","url":"https:\/\/i0.wp.com\/abenihair.com\/wp-content\/uploads\/2025\/09\/lnedkdZO9dNdBaEYbRQchUUBi48EJAp--scaled.jpg?fit=1930%2C2560&ssl=1","contentUrl":"https:\/\/i0.wp.com\/abenihair.com\/wp-content\/uploads\/2025\/09\/lnedkdZO9dNdBaEYbRQchUUBi48EJAp--scaled.jpg?fit=1930%2C2560&ssl=1","width":1930,"height":2560},{"@type":"BreadcrumbList","@id":"https:\/\/abenihair.com\/en\/product\/apres-shampooing-citrus-cocktail\/#breadcrumb","itemListElement":[{"@type":"ListItem","position":1,"name":"Accueil","item":"https:\/\/abenihair.com\/en\/"},{"@type":"ListItem","position":2,"name":"Store","item":"https:\/\/abenihair.com\/en\/store\/"},{"@type":"ListItem","position":3,"name":"Apr\u00e8s-shampooing, Citrus Cocktail"}]},{"@type":"WebSite","@id":"https:\/\/abenihair.com\/en\/#website","url":"https:\/\/abenihair.com\/en\/","name":"ABENI HAIR","description":"L&#039;excellence sinon rien","potentialAction":[{"@type":"SearchAction","target":{"@type":"EntryPoint","urlTemplate":"https:\/\/abenihair.com\/en\/?s={search_term_string}"},"query-input":{"@type":"PropertyValueSpecification","valueRequired":true,"valueName":"search_term_string"}}],"inLanguage":"en-US"}]}},"_links":{"self":[{"href":"https:\/\/abenihair.com\/en\/wp-json\/wp\/v2\/product\/119545","targetHints":{"allow":["GET"]}}],"collection":[{"href":"https:\/\/abenihair.com\/en\/wp-json\/wp\/v2\/product"}],"about":[{"href":"https:\/\/abenihair.com\/en\/wp-json\/wp\/v2\/types\/product"}],"replies":[{"embeddable":true,"href":"https:\/\/abenihair.com\/en\/wp-json\/wp\/v2\/comments?post=119545"}],"wp:featuredmedia":[{"embeddable":true,"href":"https:\/\/abenihair.com\/en\/wp-json\/wp\/v2\/media\/119504"}],"wp:attachment":[{"href":"https:\/\/abenihair.com\/en\/wp-json\/wp\/v2\/media?parent=119545"}],"wp:term":[{"taxonomy":"product_brand","embeddable":true,"href":"https:\/\/abenihair.com\/en\/wp-json\/wp\/v2\/product_brand?post=119545"},{"taxonomy":"product_cat","embeddable":true,"href":"https:\/\/abenihair.com\/en\/wp-json\/wp\/v2\/product_cat?post=119545"},{"taxonomy":"product_tag","embeddable":true,"href":"https:\/\/abenihair.com\/en\/wp-json\/wp\/v2\/product_tag?post=119545"}],"curies":[{"name":"wp","href":"https:\/\/api.w.org\/{rel}","templated":true}]}}