{"id":119543,"date":"2025-09-29T09:29:01","date_gmt":"2025-09-29T07:29:01","guid":{"rendered":"https:\/\/abenihair.com\/product\/soin-hydratant\/"},"modified":"2025-09-29T09:29:01","modified_gmt":"2025-09-29T07:29:01","slug":"soin-hydratant","status":"publish","type":"product","link":"https:\/\/abenihair.com\/en\/product\/soin-hydratant\/","title":{"rendered":"Soin hydratant"},"content":{"rendered":"<p>Le revitalisant personnalis\u00e9 nourrit les cheveux, les laissant lisses et faciles \u00e0 coiffer. Infus\u00e9 d&#8217;huile d&#8217;argan et de prot\u00e9ines de bl\u00e9 pour nourrir les pointes s\u00e8ches et am\u00e9liorer la texture des cheveux. Appliquer sur les pointes des cheveux, laisser agir 2 \u00e0 5 min. absorber et rincer.<\/p>\n","protected":false},"excerpt":{"rendered":"<p>Le revitalisant personnalis\u00e9 nourrit les cheveux, les laissant lisses et faciles \u00e0 coiffer. Infus\u00e9 d&#8217;huile d&#8217;argan et de prot\u00e9ines de bl\u00e9 pour nourrir les pointes s\u00e8ches et am\u00e9liorer la texture des cheveux. Appliquer sur les pointes des cheveux, laisser agir 2 \u00e0 5 min. absorber et rincer.<\/p>\n","protected":false},"featured_media":119509,"comment_status":"closed","ping_status":"closed","template":"","meta":[],"product_brand":[],"product_cat":[833],"product_tag":[],"class_list":{"0":"post-119543","1":"product","2":"type-product","3":"status-publish","4":"has-post-thumbnail","6":"product_cat-non-classifiee","8":"first","9":"instock","10":"taxable","11":"shipping-taxable","12":"purchasable","13":"product-type-simple"},"acf":[],"yoast_head":"<!-- This site is optimized with the Yoast SEO plugin v24.3 - https:\/\/yoast.com\/wordpress\/plugins\/seo\/ -->\n<title>Soin hydratant - ABENI HAIR<\/title>\n<meta name=\"robots\" content=\"index, follow, max-snippet:-1, max-image-preview:large, max-video-preview:-1\" \/>\n<link rel=\"canonical\" href=\"https:\/\/abenihair.com\/en\/product\/soin-hydratant\/\" \/>\n<meta property=\"og:locale\" content=\"en_US\" \/>\n<meta property=\"og:type\" content=\"article\" \/>\n<meta property=\"og:title\" content=\"Soin hydratant - ABENI HAIR\" \/>\n<meta property=\"og:description\" content=\"Le revitalisant personnalis\u00e9 nourrit les cheveux, les laissant lisses et faciles \u00e0 coiffer. Infus\u00e9 d&#039;huile d&#039;argan et de prot\u00e9ines de bl\u00e9 pour nourrir les pointes s\u00e8ches et am\u00e9liorer la texture des cheveux. Appliquer sur les pointes des cheveux, laisser agir 2 \u00e0 5 min. absorber et rincer.\" \/>\n<meta property=\"og:url\" content=\"https:\/\/abenihair.com\/en\/product\/soin-hydratant\/\" \/>\n<meta property=\"og:site_name\" content=\"ABENI HAIR\" \/>\n<meta name=\"twitter:card\" content=\"summary_large_image\" \/>\n<script type=\"application\/ld+json\" class=\"yoast-schema-graph\">{\"@context\":\"https:\/\/schema.org\",\"@graph\":[{\"@type\":\"WebPage\",\"@id\":\"https:\/\/abenihair.com\/en\/product\/soin-hydratant\/\",\"url\":\"https:\/\/abenihair.com\/en\/product\/soin-hydratant\/\",\"name\":\"Soin hydratant - ABENI HAIR\",\"isPartOf\":{\"@id\":\"https:\/\/abenihair.com\/en\/#website\"},\"primaryImageOfPage\":{\"@id\":\"https:\/\/abenihair.com\/en\/product\/soin-hydratant\/#primaryimage\"},\"image\":{\"@id\":\"https:\/\/abenihair.com\/en\/product\/soin-hydratant\/#primaryimage\"},\"thumbnailUrl\":\"https:\/\/i0.wp.com\/abenihair.com\/wp-content\/uploads\/2025\/09\/YerYtOprGuXBsHnB-9YpuWKmO-TgGMBd-scaled.jpg?fit=1930%2C2560&ssl=1\",\"datePublished\":\"2025-09-29T07:29:01+00:00\",\"dateModified\":\"2025-09-29T07:29:01+00:00\",\"breadcrumb\":{\"@id\":\"https:\/\/abenihair.com\/en\/product\/soin-hydratant\/#breadcrumb\"},\"inLanguage\":\"en-US\",\"potentialAction\":[{\"@type\":\"ReadAction\",\"target\":[\"https:\/\/abenihair.com\/en\/product\/soin-hydratant\/\"]}]},{\"@type\":\"ImageObject\",\"inLanguage\":\"en-US\",\"@id\":\"https:\/\/abenihair.com\/en\/product\/soin-hydratant\/#primaryimage\",\"url\":\"https:\/\/i0.wp.com\/abenihair.com\/wp-content\/uploads\/2025\/09\/YerYtOprGuXBsHnB-9YpuWKmO-TgGMBd-scaled.jpg?fit=1930%2C2560&ssl=1\",\"contentUrl\":\"https:\/\/i0.wp.com\/abenihair.com\/wp-content\/uploads\/2025\/09\/YerYtOprGuXBsHnB-9YpuWKmO-TgGMBd-scaled.jpg?fit=1930%2C2560&ssl=1\",\"width\":1930,\"height\":2560},{\"@type\":\"BreadcrumbList\",\"@id\":\"https:\/\/abenihair.com\/en\/product\/soin-hydratant\/#breadcrumb\",\"itemListElement\":[{\"@type\":\"ListItem\",\"position\":1,\"name\":\"Accueil\",\"item\":\"https:\/\/abenihair.com\/en\/\"},{\"@type\":\"ListItem\",\"position\":2,\"name\":\"Store\",\"item\":\"https:\/\/abenihair.com\/en\/store\/\"},{\"@type\":\"ListItem\",\"position\":3,\"name\":\"Soin hydratant\"}]},{\"@type\":\"WebSite\",\"@id\":\"https:\/\/abenihair.com\/en\/#website\",\"url\":\"https:\/\/abenihair.com\/en\/\",\"name\":\"ABENI HAIR\",\"description\":\"L&#039;excellence sinon rien\",\"potentialAction\":[{\"@type\":\"SearchAction\",\"target\":{\"@type\":\"EntryPoint\",\"urlTemplate\":\"https:\/\/abenihair.com\/en\/?s={search_term_string}\"},\"query-input\":{\"@type\":\"PropertyValueSpecification\",\"valueRequired\":true,\"valueName\":\"search_term_string\"}}],\"inLanguage\":\"en-US\"}]}<\/script>\n<!-- \/ Yoast SEO plugin. -->","yoast_head_json":{"title":"Soin hydratant - ABENI HAIR","robots":{"index":"index","follow":"follow","max-snippet":"max-snippet:-1","max-image-preview":"max-image-preview:large","max-video-preview":"max-video-preview:-1"},"canonical":"https:\/\/abenihair.com\/en\/product\/soin-hydratant\/","og_locale":"en_US","og_type":"article","og_title":"Soin hydratant - ABENI HAIR","og_description":"Le revitalisant personnalis\u00e9 nourrit les cheveux, les laissant lisses et faciles \u00e0 coiffer. Infus\u00e9 d'huile d'argan et de prot\u00e9ines de bl\u00e9 pour nourrir les pointes s\u00e8ches et am\u00e9liorer la texture des cheveux. Appliquer sur les pointes des cheveux, laisser agir 2 \u00e0 5 min. absorber et rincer.","og_url":"https:\/\/abenihair.com\/en\/product\/soin-hydratant\/","og_site_name":"ABENI HAIR","twitter_card":"summary_large_image","schema":{"@context":"https:\/\/schema.org","@graph":[{"@type":"WebPage","@id":"https:\/\/abenihair.com\/en\/product\/soin-hydratant\/","url":"https:\/\/abenihair.com\/en\/product\/soin-hydratant\/","name":"Soin hydratant - ABENI HAIR","isPartOf":{"@id":"https:\/\/abenihair.com\/en\/#website"},"primaryImageOfPage":{"@id":"https:\/\/abenihair.com\/en\/product\/soin-hydratant\/#primaryimage"},"image":{"@id":"https:\/\/abenihair.com\/en\/product\/soin-hydratant\/#primaryimage"},"thumbnailUrl":"https:\/\/i0.wp.com\/abenihair.com\/wp-content\/uploads\/2025\/09\/YerYtOprGuXBsHnB-9YpuWKmO-TgGMBd-scaled.jpg?fit=1930%2C2560&ssl=1","datePublished":"2025-09-29T07:29:01+00:00","dateModified":"2025-09-29T07:29:01+00:00","breadcrumb":{"@id":"https:\/\/abenihair.com\/en\/product\/soin-hydratant\/#breadcrumb"},"inLanguage":"en-US","potentialAction":[{"@type":"ReadAction","target":["https:\/\/abenihair.com\/en\/product\/soin-hydratant\/"]}]},{"@type":"ImageObject","inLanguage":"en-US","@id":"https:\/\/abenihair.com\/en\/product\/soin-hydratant\/#primaryimage","url":"https:\/\/i0.wp.com\/abenihair.com\/wp-content\/uploads\/2025\/09\/YerYtOprGuXBsHnB-9YpuWKmO-TgGMBd-scaled.jpg?fit=1930%2C2560&ssl=1","contentUrl":"https:\/\/i0.wp.com\/abenihair.com\/wp-content\/uploads\/2025\/09\/YerYtOprGuXBsHnB-9YpuWKmO-TgGMBd-scaled.jpg?fit=1930%2C2560&ssl=1","width":1930,"height":2560},{"@type":"BreadcrumbList","@id":"https:\/\/abenihair.com\/en\/product\/soin-hydratant\/#breadcrumb","itemListElement":[{"@type":"ListItem","position":1,"name":"Accueil","item":"https:\/\/abenihair.com\/en\/"},{"@type":"ListItem","position":2,"name":"Store","item":"https:\/\/abenihair.com\/en\/store\/"},{"@type":"ListItem","position":3,"name":"Soin hydratant"}]},{"@type":"WebSite","@id":"https:\/\/abenihair.com\/en\/#website","url":"https:\/\/abenihair.com\/en\/","name":"ABENI HAIR","description":"L&#039;excellence sinon rien","potentialAction":[{"@type":"SearchAction","target":{"@type":"EntryPoint","urlTemplate":"https:\/\/abenihair.com\/en\/?s={search_term_string}"},"query-input":{"@type":"PropertyValueSpecification","valueRequired":true,"valueName":"search_term_string"}}],"inLanguage":"en-US"}]}},"_links":{"self":[{"href":"https:\/\/abenihair.com\/en\/wp-json\/wp\/v2\/product\/119543","targetHints":{"allow":["GET"]}}],"collection":[{"href":"https:\/\/abenihair.com\/en\/wp-json\/wp\/v2\/product"}],"about":[{"href":"https:\/\/abenihair.com\/en\/wp-json\/wp\/v2\/types\/product"}],"replies":[{"embeddable":true,"href":"https:\/\/abenihair.com\/en\/wp-json\/wp\/v2\/comments?post=119543"}],"wp:featuredmedia":[{"embeddable":true,"href":"https:\/\/abenihair.com\/en\/wp-json\/wp\/v2\/media\/119509"}],"wp:attachment":[{"href":"https:\/\/abenihair.com\/en\/wp-json\/wp\/v2\/media?parent=119543"}],"wp:term":[{"taxonomy":"product_brand","embeddable":true,"href":"https:\/\/abenihair.com\/en\/wp-json\/wp\/v2\/product_brand?post=119543"},{"taxonomy":"product_cat","embeddable":true,"href":"https:\/\/abenihair.com\/en\/wp-json\/wp\/v2\/product_cat?post=119543"},{"taxonomy":"product_tag","embeddable":true,"href":"https:\/\/abenihair.com\/en\/wp-json\/wp\/v2\/product_tag?post=119543"}],"curies":[{"name":"wp","href":"https:\/\/api.w.org\/{rel}","templated":true}]}}