{"id":119539,"date":"2025-09-29T09:29:14","date_gmt":"2025-09-29T07:29:14","guid":{"rendered":"https:\/\/abenihair.com\/product\/huile-fortifiante-pour-cheveux-et-cuir-chevelu-au-romarin\/"},"modified":"2025-09-29T09:29:14","modified_gmt":"2025-09-29T07:29:14","slug":"huile-fortifiante-pour-cheveux-et-cuir-chevelu-au-romarin","status":"publish","type":"product","link":"https:\/\/abenihair.com\/en\/product\/huile-fortifiante-pour-cheveux-et-cuir-chevelu-au-romarin\/","title":{"rendered":"Huile fortifiante pour cheveux et cuir chevelu au romarin"},"content":{"rendered":"<p>Cette huile riche en nutriments, infus\u00e9e d&#8217;huiles de romarin et de menthe poivr\u00e9e, nourrit le cuir chevelu, am\u00e9liore la r\u00e9sistance des cheveux et redonne de l&#8217;\u00e9clat aux cheveux secs ou cassants.<\/p>\n<p>Appliquer simplement sur le cuir chevelu et les cheveux et laisser agir pendant au moins 15 minutes avant de laver.<\/p>\n","protected":false},"excerpt":{"rendered":"<p>Cette huile riche en nutriments, infus\u00e9e d&#8217;huiles de romarin et de menthe poivr\u00e9e, nourrit le cuir chevelu, am\u00e9liore la r\u00e9sistance des cheveux et redonne de l&#8217;\u00e9clat aux cheveux secs ou cassants.<\/p>\n<p>Appliquer simplement sur le cuir chevelu et les cheveux et laisser agir pendant au moins 15 minutes avant de laver.<\/p>\n","protected":false},"featured_media":119519,"comment_status":"closed","ping_status":"closed","template":"","meta":[],"product_brand":[],"product_cat":[833],"product_tag":[],"class_list":{"0":"post-119539","1":"product","2":"type-product","3":"status-publish","4":"has-post-thumbnail","6":"product_cat-non-classifiee","8":"first","9":"outofstock","10":"taxable","11":"shipping-taxable","12":"purchasable","13":"product-type-simple"},"acf":[],"yoast_head":"<!-- This site is optimized with the Yoast SEO plugin v24.3 - https:\/\/yoast.com\/wordpress\/plugins\/seo\/ -->\n<title>Huile fortifiante pour cheveux et cuir chevelu au romarin - ABENI HAIR<\/title>\n<meta name=\"robots\" content=\"index, follow, max-snippet:-1, max-image-preview:large, max-video-preview:-1\" \/>\n<link rel=\"canonical\" href=\"https:\/\/abenihair.com\/en\/product\/huile-fortifiante-pour-cheveux-et-cuir-chevelu-au-romarin\/\" \/>\n<meta property=\"og:locale\" content=\"en_US\" \/>\n<meta property=\"og:type\" content=\"article\" \/>\n<meta property=\"og:title\" content=\"Huile fortifiante pour cheveux et cuir chevelu au romarin - ABENI HAIR\" \/>\n<meta property=\"og:description\" content=\"Cette huile riche en nutriments, infus\u00e9e d&#039;huiles de romarin et de menthe poivr\u00e9e, nourrit le cuir chevelu, am\u00e9liore la r\u00e9sistance des cheveux et redonne de l&#039;\u00e9clat aux cheveux secs ou cassants.  Appliquer simplement sur le cuir chevelu et les cheveux et laisser agir pendant au moins 15 minutes avant de laver.\" \/>\n<meta property=\"og:url\" content=\"https:\/\/abenihair.com\/en\/product\/huile-fortifiante-pour-cheveux-et-cuir-chevelu-au-romarin\/\" \/>\n<meta property=\"og:site_name\" content=\"ABENI HAIR\" \/>\n<meta name=\"twitter:card\" content=\"summary_large_image\" \/>\n<script type=\"application\/ld+json\" class=\"yoast-schema-graph\">{\"@context\":\"https:\/\/schema.org\",\"@graph\":[{\"@type\":\"WebPage\",\"@id\":\"https:\/\/abenihair.com\/en\/product\/huile-fortifiante-pour-cheveux-et-cuir-chevelu-au-romarin\/\",\"url\":\"https:\/\/abenihair.com\/en\/product\/huile-fortifiante-pour-cheveux-et-cuir-chevelu-au-romarin\/\",\"name\":\"Huile fortifiante pour cheveux et cuir chevelu au romarin - ABENI HAIR\",\"isPartOf\":{\"@id\":\"https:\/\/abenihair.com\/en\/#website\"},\"primaryImageOfPage\":{\"@id\":\"https:\/\/abenihair.com\/en\/product\/huile-fortifiante-pour-cheveux-et-cuir-chevelu-au-romarin\/#primaryimage\"},\"image\":{\"@id\":\"https:\/\/abenihair.com\/en\/product\/huile-fortifiante-pour-cheveux-et-cuir-chevelu-au-romarin\/#primaryimage\"},\"thumbnailUrl\":\"https:\/\/i0.wp.com\/abenihair.com\/wp-content\/uploads\/2025\/09\/oS9r79ygPDBAwCYaooKtVCwOnrby9Qlz-scaled.jpg?fit=1930%2C2560&ssl=1\",\"datePublished\":\"2025-09-29T07:29:14+00:00\",\"dateModified\":\"2025-09-29T07:29:14+00:00\",\"breadcrumb\":{\"@id\":\"https:\/\/abenihair.com\/en\/product\/huile-fortifiante-pour-cheveux-et-cuir-chevelu-au-romarin\/#breadcrumb\"},\"inLanguage\":\"en-US\",\"potentialAction\":[{\"@type\":\"ReadAction\",\"target\":[\"https:\/\/abenihair.com\/en\/product\/huile-fortifiante-pour-cheveux-et-cuir-chevelu-au-romarin\/\"]}]},{\"@type\":\"ImageObject\",\"inLanguage\":\"en-US\",\"@id\":\"https:\/\/abenihair.com\/en\/product\/huile-fortifiante-pour-cheveux-et-cuir-chevelu-au-romarin\/#primaryimage\",\"url\":\"https:\/\/i0.wp.com\/abenihair.com\/wp-content\/uploads\/2025\/09\/oS9r79ygPDBAwCYaooKtVCwOnrby9Qlz-scaled.jpg?fit=1930%2C2560&ssl=1\",\"contentUrl\":\"https:\/\/i0.wp.com\/abenihair.com\/wp-content\/uploads\/2025\/09\/oS9r79ygPDBAwCYaooKtVCwOnrby9Qlz-scaled.jpg?fit=1930%2C2560&ssl=1\",\"width\":1930,\"height\":2560},{\"@type\":\"BreadcrumbList\",\"@id\":\"https:\/\/abenihair.com\/en\/product\/huile-fortifiante-pour-cheveux-et-cuir-chevelu-au-romarin\/#breadcrumb\",\"itemListElement\":[{\"@type\":\"ListItem\",\"position\":1,\"name\":\"Accueil\",\"item\":\"https:\/\/abenihair.com\/en\/\"},{\"@type\":\"ListItem\",\"position\":2,\"name\":\"Store\",\"item\":\"https:\/\/abenihair.com\/en\/store\/\"},{\"@type\":\"ListItem\",\"position\":3,\"name\":\"Huile fortifiante pour cheveux et cuir chevelu au romarin\"}]},{\"@type\":\"WebSite\",\"@id\":\"https:\/\/abenihair.com\/en\/#website\",\"url\":\"https:\/\/abenihair.com\/en\/\",\"name\":\"ABENI HAIR\",\"description\":\"L&#039;excellence sinon rien\",\"potentialAction\":[{\"@type\":\"SearchAction\",\"target\":{\"@type\":\"EntryPoint\",\"urlTemplate\":\"https:\/\/abenihair.com\/en\/?s={search_term_string}\"},\"query-input\":{\"@type\":\"PropertyValueSpecification\",\"valueRequired\":true,\"valueName\":\"search_term_string\"}}],\"inLanguage\":\"en-US\"}]}<\/script>\n<!-- \/ Yoast SEO plugin. -->","yoast_head_json":{"title":"Huile fortifiante pour cheveux et cuir chevelu au romarin - ABENI HAIR","robots":{"index":"index","follow":"follow","max-snippet":"max-snippet:-1","max-image-preview":"max-image-preview:large","max-video-preview":"max-video-preview:-1"},"canonical":"https:\/\/abenihair.com\/en\/product\/huile-fortifiante-pour-cheveux-et-cuir-chevelu-au-romarin\/","og_locale":"en_US","og_type":"article","og_title":"Huile fortifiante pour cheveux et cuir chevelu au romarin - ABENI HAIR","og_description":"Cette huile riche en nutriments, infus\u00e9e d'huiles de romarin et de menthe poivr\u00e9e, nourrit le cuir chevelu, am\u00e9liore la r\u00e9sistance des cheveux et redonne de l'\u00e9clat aux cheveux secs ou cassants.  Appliquer simplement sur le cuir chevelu et les cheveux et laisser agir pendant au moins 15 minutes avant de laver.","og_url":"https:\/\/abenihair.com\/en\/product\/huile-fortifiante-pour-cheveux-et-cuir-chevelu-au-romarin\/","og_site_name":"ABENI HAIR","twitter_card":"summary_large_image","schema":{"@context":"https:\/\/schema.org","@graph":[{"@type":"WebPage","@id":"https:\/\/abenihair.com\/en\/product\/huile-fortifiante-pour-cheveux-et-cuir-chevelu-au-romarin\/","url":"https:\/\/abenihair.com\/en\/product\/huile-fortifiante-pour-cheveux-et-cuir-chevelu-au-romarin\/","name":"Huile fortifiante pour cheveux et cuir chevelu au romarin - ABENI HAIR","isPartOf":{"@id":"https:\/\/abenihair.com\/en\/#website"},"primaryImageOfPage":{"@id":"https:\/\/abenihair.com\/en\/product\/huile-fortifiante-pour-cheveux-et-cuir-chevelu-au-romarin\/#primaryimage"},"image":{"@id":"https:\/\/abenihair.com\/en\/product\/huile-fortifiante-pour-cheveux-et-cuir-chevelu-au-romarin\/#primaryimage"},"thumbnailUrl":"https:\/\/i0.wp.com\/abenihair.com\/wp-content\/uploads\/2025\/09\/oS9r79ygPDBAwCYaooKtVCwOnrby9Qlz-scaled.jpg?fit=1930%2C2560&ssl=1","datePublished":"2025-09-29T07:29:14+00:00","dateModified":"2025-09-29T07:29:14+00:00","breadcrumb":{"@id":"https:\/\/abenihair.com\/en\/product\/huile-fortifiante-pour-cheveux-et-cuir-chevelu-au-romarin\/#breadcrumb"},"inLanguage":"en-US","potentialAction":[{"@type":"ReadAction","target":["https:\/\/abenihair.com\/en\/product\/huile-fortifiante-pour-cheveux-et-cuir-chevelu-au-romarin\/"]}]},{"@type":"ImageObject","inLanguage":"en-US","@id":"https:\/\/abenihair.com\/en\/product\/huile-fortifiante-pour-cheveux-et-cuir-chevelu-au-romarin\/#primaryimage","url":"https:\/\/i0.wp.com\/abenihair.com\/wp-content\/uploads\/2025\/09\/oS9r79ygPDBAwCYaooKtVCwOnrby9Qlz-scaled.jpg?fit=1930%2C2560&ssl=1","contentUrl":"https:\/\/i0.wp.com\/abenihair.com\/wp-content\/uploads\/2025\/09\/oS9r79ygPDBAwCYaooKtVCwOnrby9Qlz-scaled.jpg?fit=1930%2C2560&ssl=1","width":1930,"height":2560},{"@type":"BreadcrumbList","@id":"https:\/\/abenihair.com\/en\/product\/huile-fortifiante-pour-cheveux-et-cuir-chevelu-au-romarin\/#breadcrumb","itemListElement":[{"@type":"ListItem","position":1,"name":"Accueil","item":"https:\/\/abenihair.com\/en\/"},{"@type":"ListItem","position":2,"name":"Store","item":"https:\/\/abenihair.com\/en\/store\/"},{"@type":"ListItem","position":3,"name":"Huile fortifiante pour cheveux et cuir chevelu au romarin"}]},{"@type":"WebSite","@id":"https:\/\/abenihair.com\/en\/#website","url":"https:\/\/abenihair.com\/en\/","name":"ABENI HAIR","description":"L&#039;excellence sinon rien","potentialAction":[{"@type":"SearchAction","target":{"@type":"EntryPoint","urlTemplate":"https:\/\/abenihair.com\/en\/?s={search_term_string}"},"query-input":{"@type":"PropertyValueSpecification","valueRequired":true,"valueName":"search_term_string"}}],"inLanguage":"en-US"}]}},"_links":{"self":[{"href":"https:\/\/abenihair.com\/en\/wp-json\/wp\/v2\/product\/119539","targetHints":{"allow":["GET"]}}],"collection":[{"href":"https:\/\/abenihair.com\/en\/wp-json\/wp\/v2\/product"}],"about":[{"href":"https:\/\/abenihair.com\/en\/wp-json\/wp\/v2\/types\/product"}],"replies":[{"embeddable":true,"href":"https:\/\/abenihair.com\/en\/wp-json\/wp\/v2\/comments?post=119539"}],"wp:featuredmedia":[{"embeddable":true,"href":"https:\/\/abenihair.com\/en\/wp-json\/wp\/v2\/media\/119519"}],"wp:attachment":[{"href":"https:\/\/abenihair.com\/en\/wp-json\/wp\/v2\/media?parent=119539"}],"wp:term":[{"taxonomy":"product_brand","embeddable":true,"href":"https:\/\/abenihair.com\/en\/wp-json\/wp\/v2\/product_brand?post=119539"},{"taxonomy":"product_cat","embeddable":true,"href":"https:\/\/abenihair.com\/en\/wp-json\/wp\/v2\/product_cat?post=119539"},{"taxonomy":"product_tag","embeddable":true,"href":"https:\/\/abenihair.com\/en\/wp-json\/wp\/v2\/product_tag?post=119539"}],"curies":[{"name":"wp","href":"https:\/\/api.w.org\/{rel}","templated":true}]}}