{"id":119531,"date":"2025-09-29T09:27:56","date_gmt":"2025-09-29T07:27:56","guid":{"rendered":"https:\/\/abenihair.com\/product\/brume-capillaire-sans-rincage-keratin-shine\/"},"modified":"2025-09-29T09:27:56","modified_gmt":"2025-09-29T07:27:56","slug":"brume-capillaire-sans-rincage-keratin-shine","status":"publish","type":"product","link":"https:\/\/abenihair.com\/en\/product\/brume-capillaire-sans-rincage-keratin-shine\/","title":{"rendered":"Brume capillaire sans rin\u00e7age Keratin Shine"},"content":{"rendered":"<p>La brume l\u00e9g\u00e8re sans rin\u00e7age \u00e0 la k\u00e9ratine, infus\u00e9e de k\u00e9ratine hydrolys\u00e9e, d&#8217;acide lactique et d&#8217;extraits d&#8217;algues, agit pour lisser, renforcer et d\u00e9m\u00ealer les cheveux ab\u00eem\u00e9s. Sa formule aide \u00e0 r\u00e9duire les cassures et les pointes fourchues, laissant les cheveux plus sains, plus doux et plus faciles \u00e0 coiffer. Il suffit de vaporiser sur les cheveux propres et humides &#8211; aucun rin\u00e7age n&#8217;est n\u00e9cessaire.<\/p>\n","protected":false},"excerpt":{"rendered":"<p>La brume l\u00e9g\u00e8re sans rin\u00e7age \u00e0 la k\u00e9ratine, infus\u00e9e de k\u00e9ratine hydrolys\u00e9e, d&#8217;acide lactique et d&#8217;extraits d&#8217;algues, agit pour lisser, renforcer et d\u00e9m\u00ealer les cheveux ab\u00eem\u00e9s. Sa formule aide \u00e0 r\u00e9duire les cassures et les pointes fourchues, laissant les cheveux plus sains, plus doux et plus faciles \u00e0 coiffer. Il suffit de vaporiser sur les cheveux propres et humides &#8211; aucun rin\u00e7age n&#8217;est n\u00e9cessaire.<\/p>\n","protected":false},"featured_media":119469,"comment_status":"closed","ping_status":"closed","template":"","meta":[],"product_brand":[],"product_cat":[833],"product_tag":[],"class_list":{"0":"post-119531","1":"product","2":"type-product","3":"status-publish","4":"has-post-thumbnail","6":"product_cat-non-classifiee","8":"first","9":"instock","10":"taxable","11":"shipping-taxable","12":"purchasable","13":"product-type-simple"},"acf":[],"yoast_head":"<!-- This site is optimized with the Yoast SEO plugin v24.3 - https:\/\/yoast.com\/wordpress\/plugins\/seo\/ -->\n<title>Brume capillaire sans rin\u00e7age Keratin Shine - ABENI HAIR<\/title>\n<meta name=\"robots\" content=\"index, follow, max-snippet:-1, max-image-preview:large, max-video-preview:-1\" \/>\n<link rel=\"canonical\" href=\"https:\/\/abenihair.com\/en\/product\/brume-capillaire-sans-rincage-keratin-shine\/\" \/>\n<meta property=\"og:locale\" content=\"en_US\" \/>\n<meta property=\"og:type\" content=\"article\" \/>\n<meta property=\"og:title\" content=\"Brume capillaire sans rin\u00e7age Keratin Shine - ABENI HAIR\" \/>\n<meta property=\"og:description\" content=\"La brume l\u00e9g\u00e8re sans rin\u00e7age \u00e0 la k\u00e9ratine, infus\u00e9e de k\u00e9ratine hydrolys\u00e9e, d&#039;acide lactique et d&#039;extraits d&#039;algues, agit pour lisser, renforcer et d\u00e9m\u00ealer les cheveux ab\u00eem\u00e9s. Sa formule aide \u00e0 r\u00e9duire les cassures et les pointes fourchues, laissant les cheveux plus sains, plus doux et plus faciles \u00e0 coiffer. Il suffit de vaporiser sur les cheveux propres et humides - aucun rin\u00e7age n&#039;est n\u00e9cessaire.\" \/>\n<meta property=\"og:url\" content=\"https:\/\/abenihair.com\/en\/product\/brume-capillaire-sans-rincage-keratin-shine\/\" \/>\n<meta property=\"og:site_name\" content=\"ABENI HAIR\" \/>\n<meta name=\"twitter:card\" content=\"summary_large_image\" \/>\n<script type=\"application\/ld+json\" class=\"yoast-schema-graph\">{\"@context\":\"https:\/\/schema.org\",\"@graph\":[{\"@type\":\"WebPage\",\"@id\":\"https:\/\/abenihair.com\/en\/product\/brume-capillaire-sans-rincage-keratin-shine\/\",\"url\":\"https:\/\/abenihair.com\/en\/product\/brume-capillaire-sans-rincage-keratin-shine\/\",\"name\":\"Brume capillaire sans rin\u00e7age Keratin Shine - ABENI HAIR\",\"isPartOf\":{\"@id\":\"https:\/\/abenihair.com\/en\/#website\"},\"primaryImageOfPage\":{\"@id\":\"https:\/\/abenihair.com\/en\/product\/brume-capillaire-sans-rincage-keratin-shine\/#primaryimage\"},\"image\":{\"@id\":\"https:\/\/abenihair.com\/en\/product\/brume-capillaire-sans-rincage-keratin-shine\/#primaryimage\"},\"thumbnailUrl\":\"https:\/\/i0.wp.com\/abenihair.com\/wp-content\/uploads\/2025\/09\/23LUIs669jc1QZcP85vipazUF39nzOxj-scaled.jpg?fit=1930%2C2560&ssl=1\",\"datePublished\":\"2025-09-29T07:27:56+00:00\",\"dateModified\":\"2025-09-29T07:27:56+00:00\",\"breadcrumb\":{\"@id\":\"https:\/\/abenihair.com\/en\/product\/brume-capillaire-sans-rincage-keratin-shine\/#breadcrumb\"},\"inLanguage\":\"en-US\",\"potentialAction\":[{\"@type\":\"ReadAction\",\"target\":[\"https:\/\/abenihair.com\/en\/product\/brume-capillaire-sans-rincage-keratin-shine\/\"]}]},{\"@type\":\"ImageObject\",\"inLanguage\":\"en-US\",\"@id\":\"https:\/\/abenihair.com\/en\/product\/brume-capillaire-sans-rincage-keratin-shine\/#primaryimage\",\"url\":\"https:\/\/i0.wp.com\/abenihair.com\/wp-content\/uploads\/2025\/09\/23LUIs669jc1QZcP85vipazUF39nzOxj-scaled.jpg?fit=1930%2C2560&ssl=1\",\"contentUrl\":\"https:\/\/i0.wp.com\/abenihair.com\/wp-content\/uploads\/2025\/09\/23LUIs669jc1QZcP85vipazUF39nzOxj-scaled.jpg?fit=1930%2C2560&ssl=1\",\"width\":1930,\"height\":2560},{\"@type\":\"BreadcrumbList\",\"@id\":\"https:\/\/abenihair.com\/en\/product\/brume-capillaire-sans-rincage-keratin-shine\/#breadcrumb\",\"itemListElement\":[{\"@type\":\"ListItem\",\"position\":1,\"name\":\"Accueil\",\"item\":\"https:\/\/abenihair.com\/en\/\"},{\"@type\":\"ListItem\",\"position\":2,\"name\":\"Store\",\"item\":\"https:\/\/abenihair.com\/en\/store\/\"},{\"@type\":\"ListItem\",\"position\":3,\"name\":\"Brume capillaire sans rin\u00e7age Keratin Shine\"}]},{\"@type\":\"WebSite\",\"@id\":\"https:\/\/abenihair.com\/en\/#website\",\"url\":\"https:\/\/abenihair.com\/en\/\",\"name\":\"ABENI HAIR\",\"description\":\"L&#039;excellence sinon rien\",\"potentialAction\":[{\"@type\":\"SearchAction\",\"target\":{\"@type\":\"EntryPoint\",\"urlTemplate\":\"https:\/\/abenihair.com\/en\/?s={search_term_string}\"},\"query-input\":{\"@type\":\"PropertyValueSpecification\",\"valueRequired\":true,\"valueName\":\"search_term_string\"}}],\"inLanguage\":\"en-US\"}]}<\/script>\n<!-- \/ Yoast SEO plugin. -->","yoast_head_json":{"title":"Brume capillaire sans rin\u00e7age Keratin Shine - ABENI HAIR","robots":{"index":"index","follow":"follow","max-snippet":"max-snippet:-1","max-image-preview":"max-image-preview:large","max-video-preview":"max-video-preview:-1"},"canonical":"https:\/\/abenihair.com\/en\/product\/brume-capillaire-sans-rincage-keratin-shine\/","og_locale":"en_US","og_type":"article","og_title":"Brume capillaire sans rin\u00e7age Keratin Shine - ABENI HAIR","og_description":"La brume l\u00e9g\u00e8re sans rin\u00e7age \u00e0 la k\u00e9ratine, infus\u00e9e de k\u00e9ratine hydrolys\u00e9e, d'acide lactique et d'extraits d'algues, agit pour lisser, renforcer et d\u00e9m\u00ealer les cheveux ab\u00eem\u00e9s. Sa formule aide \u00e0 r\u00e9duire les cassures et les pointes fourchues, laissant les cheveux plus sains, plus doux et plus faciles \u00e0 coiffer. Il suffit de vaporiser sur les cheveux propres et humides - aucun rin\u00e7age n'est n\u00e9cessaire.","og_url":"https:\/\/abenihair.com\/en\/product\/brume-capillaire-sans-rincage-keratin-shine\/","og_site_name":"ABENI HAIR","twitter_card":"summary_large_image","schema":{"@context":"https:\/\/schema.org","@graph":[{"@type":"WebPage","@id":"https:\/\/abenihair.com\/en\/product\/brume-capillaire-sans-rincage-keratin-shine\/","url":"https:\/\/abenihair.com\/en\/product\/brume-capillaire-sans-rincage-keratin-shine\/","name":"Brume capillaire sans rin\u00e7age Keratin Shine - ABENI HAIR","isPartOf":{"@id":"https:\/\/abenihair.com\/en\/#website"},"primaryImageOfPage":{"@id":"https:\/\/abenihair.com\/en\/product\/brume-capillaire-sans-rincage-keratin-shine\/#primaryimage"},"image":{"@id":"https:\/\/abenihair.com\/en\/product\/brume-capillaire-sans-rincage-keratin-shine\/#primaryimage"},"thumbnailUrl":"https:\/\/i0.wp.com\/abenihair.com\/wp-content\/uploads\/2025\/09\/23LUIs669jc1QZcP85vipazUF39nzOxj-scaled.jpg?fit=1930%2C2560&ssl=1","datePublished":"2025-09-29T07:27:56+00:00","dateModified":"2025-09-29T07:27:56+00:00","breadcrumb":{"@id":"https:\/\/abenihair.com\/en\/product\/brume-capillaire-sans-rincage-keratin-shine\/#breadcrumb"},"inLanguage":"en-US","potentialAction":[{"@type":"ReadAction","target":["https:\/\/abenihair.com\/en\/product\/brume-capillaire-sans-rincage-keratin-shine\/"]}]},{"@type":"ImageObject","inLanguage":"en-US","@id":"https:\/\/abenihair.com\/en\/product\/brume-capillaire-sans-rincage-keratin-shine\/#primaryimage","url":"https:\/\/i0.wp.com\/abenihair.com\/wp-content\/uploads\/2025\/09\/23LUIs669jc1QZcP85vipazUF39nzOxj-scaled.jpg?fit=1930%2C2560&ssl=1","contentUrl":"https:\/\/i0.wp.com\/abenihair.com\/wp-content\/uploads\/2025\/09\/23LUIs669jc1QZcP85vipazUF39nzOxj-scaled.jpg?fit=1930%2C2560&ssl=1","width":1930,"height":2560},{"@type":"BreadcrumbList","@id":"https:\/\/abenihair.com\/en\/product\/brume-capillaire-sans-rincage-keratin-shine\/#breadcrumb","itemListElement":[{"@type":"ListItem","position":1,"name":"Accueil","item":"https:\/\/abenihair.com\/en\/"},{"@type":"ListItem","position":2,"name":"Store","item":"https:\/\/abenihair.com\/en\/store\/"},{"@type":"ListItem","position":3,"name":"Brume capillaire sans rin\u00e7age Keratin Shine"}]},{"@type":"WebSite","@id":"https:\/\/abenihair.com\/en\/#website","url":"https:\/\/abenihair.com\/en\/","name":"ABENI HAIR","description":"L&#039;excellence sinon rien","potentialAction":[{"@type":"SearchAction","target":{"@type":"EntryPoint","urlTemplate":"https:\/\/abenihair.com\/en\/?s={search_term_string}"},"query-input":{"@type":"PropertyValueSpecification","valueRequired":true,"valueName":"search_term_string"}}],"inLanguage":"en-US"}]}},"_links":{"self":[{"href":"https:\/\/abenihair.com\/en\/wp-json\/wp\/v2\/product\/119531","targetHints":{"allow":["GET"]}}],"collection":[{"href":"https:\/\/abenihair.com\/en\/wp-json\/wp\/v2\/product"}],"about":[{"href":"https:\/\/abenihair.com\/en\/wp-json\/wp\/v2\/types\/product"}],"replies":[{"embeddable":true,"href":"https:\/\/abenihair.com\/en\/wp-json\/wp\/v2\/comments?post=119531"}],"wp:featuredmedia":[{"embeddable":true,"href":"https:\/\/abenihair.com\/en\/wp-json\/wp\/v2\/media\/119469"}],"wp:attachment":[{"href":"https:\/\/abenihair.com\/en\/wp-json\/wp\/v2\/media?parent=119531"}],"wp:term":[{"taxonomy":"product_brand","embeddable":true,"href":"https:\/\/abenihair.com\/en\/wp-json\/wp\/v2\/product_brand?post=119531"},{"taxonomy":"product_cat","embeddable":true,"href":"https:\/\/abenihair.com\/en\/wp-json\/wp\/v2\/product_cat?post=119531"},{"taxonomy":"product_tag","embeddable":true,"href":"https:\/\/abenihair.com\/en\/wp-json\/wp\/v2\/product_tag?post=119531"}],"curies":[{"name":"wp","href":"https:\/\/api.w.org\/{rel}","templated":true}]}}