{"id":119528,"date":"2025-09-29T09:27:46","date_gmt":"2025-09-29T07:27:46","guid":{"rendered":"https:\/\/abenihair.com\/product\/exfoliant-pour-cuir-chevelu-deep-cleanse-romarin-et-menthe\/"},"modified":"2025-09-29T09:27:46","modified_gmt":"2025-09-29T07:27:46","slug":"exfoliant-pour-cuir-chevelu-deep-cleanse-romarin-et-menthe","status":"publish","type":"product","link":"https:\/\/abenihair.com\/en\/product\/exfoliant-pour-cuir-chevelu-deep-cleanse-romarin-et-menthe\/","title":{"rendered":"Exfoliant pour cuir chevelu Deep Cleanse, romarin et menthe"},"content":{"rendered":"<p>L&#8217;exfoliant pour cuir chevelu Deep Cleanse, romarin et menthe, revitalise le cuir chevelu et les cheveux. Formul\u00e9 avec des exfoliants naturels et des huiles de romarin et de menthe poivr\u00e9e, il nettoie en profondeur et \u00e9limine efficacement les accumulations du cuir chevelu, tout en aidant \u00e0 r\u00e9duire l&#8217;apparence des pellicules. Ce gommage revigorant favorise un cuir chevelu sain et \u00e9quilibr\u00e9. Appliquer sur les cheveux et le cuir chevelu mouill\u00e9s, masser d\u00e9licatement en insistant sur le cuir chevelu. Laisser agir pendant 5 \u00e0 15 minutes avant de rincer.<\/p>\n","protected":false},"excerpt":{"rendered":"<p>L&#8217;exfoliant pour cuir chevelu Deep Cleanse, romarin et menthe, revitalise le cuir chevelu et les cheveux. Formul\u00e9 avec des exfoliants naturels et des huiles de romarin et de menthe poivr\u00e9e, il nettoie en profondeur et \u00e9limine efficacement les accumulations du cuir chevelu, tout en aidant \u00e0 r\u00e9duire l&#8217;apparence des pellicules. Ce gommage revigorant favorise un cuir chevelu sain et \u00e9quilibr\u00e9. Appliquer sur les cheveux et le cuir chevelu mouill\u00e9s, masser d\u00e9licatement en insistant sur le cuir chevelu. Laisser agir pendant 5 \u00e0 15 minutes avant de rincer.<\/p>\n","protected":false},"featured_media":119464,"comment_status":"closed","ping_status":"closed","template":"","meta":[],"product_brand":[],"product_cat":[833],"product_tag":[],"class_list":{"0":"post-119528","1":"product","2":"type-product","3":"status-publish","4":"has-post-thumbnail","6":"product_cat-non-classifiee","8":"first","9":"instock","10":"taxable","11":"shipping-taxable","12":"purchasable","13":"product-type-simple"},"acf":[],"yoast_head":"<!-- This site is optimized with the Yoast SEO plugin v24.3 - https:\/\/yoast.com\/wordpress\/plugins\/seo\/ -->\n<title>Exfoliant pour cuir chevelu Deep Cleanse, romarin et menthe - ABENI HAIR<\/title>\n<meta name=\"robots\" content=\"index, follow, max-snippet:-1, max-image-preview:large, max-video-preview:-1\" \/>\n<link rel=\"canonical\" href=\"https:\/\/abenihair.com\/en\/product\/exfoliant-pour-cuir-chevelu-deep-cleanse-romarin-et-menthe\/\" \/>\n<meta property=\"og:locale\" content=\"en_US\" \/>\n<meta property=\"og:type\" content=\"article\" \/>\n<meta property=\"og:title\" content=\"Exfoliant pour cuir chevelu Deep Cleanse, romarin et menthe - ABENI HAIR\" \/>\n<meta property=\"og:description\" content=\"L&#039;exfoliant pour cuir chevelu Deep Cleanse, romarin et menthe, revitalise le cuir chevelu et les cheveux. Formul\u00e9 avec des exfoliants naturels et des huiles de romarin et de menthe poivr\u00e9e, il nettoie en profondeur et \u00e9limine efficacement les accumulations du cuir chevelu, tout en aidant \u00e0 r\u00e9duire l&#039;apparence des pellicules. Ce gommage revigorant favorise un cuir chevelu sain et \u00e9quilibr\u00e9. Appliquer sur les cheveux et le cuir chevelu mouill\u00e9s, masser d\u00e9licatement en insistant sur le cuir chevelu. Laisser agir pendant 5 \u00e0 15 minutes avant de rincer.\" \/>\n<meta property=\"og:url\" content=\"https:\/\/abenihair.com\/en\/product\/exfoliant-pour-cuir-chevelu-deep-cleanse-romarin-et-menthe\/\" \/>\n<meta property=\"og:site_name\" content=\"ABENI HAIR\" \/>\n<meta name=\"twitter:card\" content=\"summary_large_image\" \/>\n<script type=\"application\/ld+json\" class=\"yoast-schema-graph\">{\"@context\":\"https:\/\/schema.org\",\"@graph\":[{\"@type\":\"WebPage\",\"@id\":\"https:\/\/abenihair.com\/en\/product\/exfoliant-pour-cuir-chevelu-deep-cleanse-romarin-et-menthe\/\",\"url\":\"https:\/\/abenihair.com\/en\/product\/exfoliant-pour-cuir-chevelu-deep-cleanse-romarin-et-menthe\/\",\"name\":\"Exfoliant pour cuir chevelu Deep Cleanse, romarin et menthe - ABENI HAIR\",\"isPartOf\":{\"@id\":\"https:\/\/abenihair.com\/en\/#website\"},\"primaryImageOfPage\":{\"@id\":\"https:\/\/abenihair.com\/en\/product\/exfoliant-pour-cuir-chevelu-deep-cleanse-romarin-et-menthe\/#primaryimage\"},\"image\":{\"@id\":\"https:\/\/abenihair.com\/en\/product\/exfoliant-pour-cuir-chevelu-deep-cleanse-romarin-et-menthe\/#primaryimage\"},\"thumbnailUrl\":\"https:\/\/i0.wp.com\/abenihair.com\/wp-content\/uploads\/2025\/09\/vrXbeOBiy6djLe26h0om8a23DXvFBYk2-scaled.jpg?fit=1930%2C2560&ssl=1\",\"datePublished\":\"2025-09-29T07:27:46+00:00\",\"dateModified\":\"2025-09-29T07:27:46+00:00\",\"breadcrumb\":{\"@id\":\"https:\/\/abenihair.com\/en\/product\/exfoliant-pour-cuir-chevelu-deep-cleanse-romarin-et-menthe\/#breadcrumb\"},\"inLanguage\":\"en-US\",\"potentialAction\":[{\"@type\":\"ReadAction\",\"target\":[\"https:\/\/abenihair.com\/en\/product\/exfoliant-pour-cuir-chevelu-deep-cleanse-romarin-et-menthe\/\"]}]},{\"@type\":\"ImageObject\",\"inLanguage\":\"en-US\",\"@id\":\"https:\/\/abenihair.com\/en\/product\/exfoliant-pour-cuir-chevelu-deep-cleanse-romarin-et-menthe\/#primaryimage\",\"url\":\"https:\/\/i0.wp.com\/abenihair.com\/wp-content\/uploads\/2025\/09\/vrXbeOBiy6djLe26h0om8a23DXvFBYk2-scaled.jpg?fit=1930%2C2560&ssl=1\",\"contentUrl\":\"https:\/\/i0.wp.com\/abenihair.com\/wp-content\/uploads\/2025\/09\/vrXbeOBiy6djLe26h0om8a23DXvFBYk2-scaled.jpg?fit=1930%2C2560&ssl=1\",\"width\":1930,\"height\":2560},{\"@type\":\"BreadcrumbList\",\"@id\":\"https:\/\/abenihair.com\/en\/product\/exfoliant-pour-cuir-chevelu-deep-cleanse-romarin-et-menthe\/#breadcrumb\",\"itemListElement\":[{\"@type\":\"ListItem\",\"position\":1,\"name\":\"Accueil\",\"item\":\"https:\/\/abenihair.com\/en\/\"},{\"@type\":\"ListItem\",\"position\":2,\"name\":\"Store\",\"item\":\"https:\/\/abenihair.com\/en\/store\/\"},{\"@type\":\"ListItem\",\"position\":3,\"name\":\"Exfoliant pour cuir chevelu Deep Cleanse, romarin et menthe\"}]},{\"@type\":\"WebSite\",\"@id\":\"https:\/\/abenihair.com\/en\/#website\",\"url\":\"https:\/\/abenihair.com\/en\/\",\"name\":\"ABENI HAIR\",\"description\":\"L&#039;excellence sinon rien\",\"potentialAction\":[{\"@type\":\"SearchAction\",\"target\":{\"@type\":\"EntryPoint\",\"urlTemplate\":\"https:\/\/abenihair.com\/en\/?s={search_term_string}\"},\"query-input\":{\"@type\":\"PropertyValueSpecification\",\"valueRequired\":true,\"valueName\":\"search_term_string\"}}],\"inLanguage\":\"en-US\"}]}<\/script>\n<!-- \/ Yoast SEO plugin. -->","yoast_head_json":{"title":"Exfoliant pour cuir chevelu Deep Cleanse, romarin et menthe - ABENI HAIR","robots":{"index":"index","follow":"follow","max-snippet":"max-snippet:-1","max-image-preview":"max-image-preview:large","max-video-preview":"max-video-preview:-1"},"canonical":"https:\/\/abenihair.com\/en\/product\/exfoliant-pour-cuir-chevelu-deep-cleanse-romarin-et-menthe\/","og_locale":"en_US","og_type":"article","og_title":"Exfoliant pour cuir chevelu Deep Cleanse, romarin et menthe - ABENI HAIR","og_description":"L'exfoliant pour cuir chevelu Deep Cleanse, romarin et menthe, revitalise le cuir chevelu et les cheveux. Formul\u00e9 avec des exfoliants naturels et des huiles de romarin et de menthe poivr\u00e9e, il nettoie en profondeur et \u00e9limine efficacement les accumulations du cuir chevelu, tout en aidant \u00e0 r\u00e9duire l'apparence des pellicules. Ce gommage revigorant favorise un cuir chevelu sain et \u00e9quilibr\u00e9. Appliquer sur les cheveux et le cuir chevelu mouill\u00e9s, masser d\u00e9licatement en insistant sur le cuir chevelu. Laisser agir pendant 5 \u00e0 15 minutes avant de rincer.","og_url":"https:\/\/abenihair.com\/en\/product\/exfoliant-pour-cuir-chevelu-deep-cleanse-romarin-et-menthe\/","og_site_name":"ABENI HAIR","twitter_card":"summary_large_image","schema":{"@context":"https:\/\/schema.org","@graph":[{"@type":"WebPage","@id":"https:\/\/abenihair.com\/en\/product\/exfoliant-pour-cuir-chevelu-deep-cleanse-romarin-et-menthe\/","url":"https:\/\/abenihair.com\/en\/product\/exfoliant-pour-cuir-chevelu-deep-cleanse-romarin-et-menthe\/","name":"Exfoliant pour cuir chevelu Deep Cleanse, romarin et menthe - ABENI HAIR","isPartOf":{"@id":"https:\/\/abenihair.com\/en\/#website"},"primaryImageOfPage":{"@id":"https:\/\/abenihair.com\/en\/product\/exfoliant-pour-cuir-chevelu-deep-cleanse-romarin-et-menthe\/#primaryimage"},"image":{"@id":"https:\/\/abenihair.com\/en\/product\/exfoliant-pour-cuir-chevelu-deep-cleanse-romarin-et-menthe\/#primaryimage"},"thumbnailUrl":"https:\/\/i0.wp.com\/abenihair.com\/wp-content\/uploads\/2025\/09\/vrXbeOBiy6djLe26h0om8a23DXvFBYk2-scaled.jpg?fit=1930%2C2560&ssl=1","datePublished":"2025-09-29T07:27:46+00:00","dateModified":"2025-09-29T07:27:46+00:00","breadcrumb":{"@id":"https:\/\/abenihair.com\/en\/product\/exfoliant-pour-cuir-chevelu-deep-cleanse-romarin-et-menthe\/#breadcrumb"},"inLanguage":"en-US","potentialAction":[{"@type":"ReadAction","target":["https:\/\/abenihair.com\/en\/product\/exfoliant-pour-cuir-chevelu-deep-cleanse-romarin-et-menthe\/"]}]},{"@type":"ImageObject","inLanguage":"en-US","@id":"https:\/\/abenihair.com\/en\/product\/exfoliant-pour-cuir-chevelu-deep-cleanse-romarin-et-menthe\/#primaryimage","url":"https:\/\/i0.wp.com\/abenihair.com\/wp-content\/uploads\/2025\/09\/vrXbeOBiy6djLe26h0om8a23DXvFBYk2-scaled.jpg?fit=1930%2C2560&ssl=1","contentUrl":"https:\/\/i0.wp.com\/abenihair.com\/wp-content\/uploads\/2025\/09\/vrXbeOBiy6djLe26h0om8a23DXvFBYk2-scaled.jpg?fit=1930%2C2560&ssl=1","width":1930,"height":2560},{"@type":"BreadcrumbList","@id":"https:\/\/abenihair.com\/en\/product\/exfoliant-pour-cuir-chevelu-deep-cleanse-romarin-et-menthe\/#breadcrumb","itemListElement":[{"@type":"ListItem","position":1,"name":"Accueil","item":"https:\/\/abenihair.com\/en\/"},{"@type":"ListItem","position":2,"name":"Store","item":"https:\/\/abenihair.com\/en\/store\/"},{"@type":"ListItem","position":3,"name":"Exfoliant pour cuir chevelu Deep Cleanse, romarin et menthe"}]},{"@type":"WebSite","@id":"https:\/\/abenihair.com\/en\/#website","url":"https:\/\/abenihair.com\/en\/","name":"ABENI HAIR","description":"L&#039;excellence sinon rien","potentialAction":[{"@type":"SearchAction","target":{"@type":"EntryPoint","urlTemplate":"https:\/\/abenihair.com\/en\/?s={search_term_string}"},"query-input":{"@type":"PropertyValueSpecification","valueRequired":true,"valueName":"search_term_string"}}],"inLanguage":"en-US"}]}},"_links":{"self":[{"href":"https:\/\/abenihair.com\/en\/wp-json\/wp\/v2\/product\/119528","targetHints":{"allow":["GET"]}}],"collection":[{"href":"https:\/\/abenihair.com\/en\/wp-json\/wp\/v2\/product"}],"about":[{"href":"https:\/\/abenihair.com\/en\/wp-json\/wp\/v2\/types\/product"}],"replies":[{"embeddable":true,"href":"https:\/\/abenihair.com\/en\/wp-json\/wp\/v2\/comments?post=119528"}],"wp:featuredmedia":[{"embeddable":true,"href":"https:\/\/abenihair.com\/en\/wp-json\/wp\/v2\/media\/119464"}],"wp:attachment":[{"href":"https:\/\/abenihair.com\/en\/wp-json\/wp\/v2\/media?parent=119528"}],"wp:term":[{"taxonomy":"product_brand","embeddable":true,"href":"https:\/\/abenihair.com\/en\/wp-json\/wp\/v2\/product_brand?post=119528"},{"taxonomy":"product_cat","embeddable":true,"href":"https:\/\/abenihair.com\/en\/wp-json\/wp\/v2\/product_cat?post=119528"},{"taxonomy":"product_tag","embeddable":true,"href":"https:\/\/abenihair.com\/en\/wp-json\/wp\/v2\/product_tag?post=119528"}],"curies":[{"name":"wp","href":"https:\/\/api.w.org\/{rel}","templated":true}]}}