{"id":119173,"date":"2025-06-04T21:20:50","date_gmt":"2025-06-04T19:20:50","guid":{"rendered":"https:\/\/abenihair.com\/?post_type=product&#038;p=119173"},"modified":"2025-06-04T21:21:05","modified_gmt":"2025-06-04T19:21:05","slug":"shampooing-pour-cuir-chevelu-sensible","status":"publish","type":"product","link":"https:\/\/abenihair.com\/en\/product\/shampooing-pour-cuir-chevelu-sensible\/","title":{"rendered":"Shampooing pour cuir chevelu sensible"},"content":{"rendered":"<p>Notre shampooing pour peaux sensibles est formul\u00e9 de mani\u00e8re experte pour prendre soin des peaux s\u00e8ches et sensibles. Ce shampooing doux mais efficace convient \u00e0 tous les types de peau, ce qui en fait le choix id\u00e9al pour les personnes dont le cuir chevelu est d\u00e9licat ou facilement irrit\u00e9. Certifi\u00e9 par COSMOS Natural, il garantit les normes les plus \u00e9lev\u00e9es en mati\u00e8re d&#8217;ingr\u00e9dients naturels et respectueux de l&#8217;environnement.\u00a0<\/p>\n","protected":false},"excerpt":{"rendered":"<p>Notre shampooing pour peaux sensibles est formul\u00e9 de mani\u00e8re experte pour prendre soin des peaux s\u00e8ches et sensibles. Ce shampooing doux mais efficace convient \u00e0 tous les types de peau, ce qui en fait le choix id\u00e9al pour les personnes dont le cuir chevelu est d\u00e9licat ou facilement irrit\u00e9. Certifi\u00e9 [&hellip;]<\/p>\n","protected":false},"featured_media":119174,"comment_status":"closed","ping_status":"closed","template":"","meta":[],"product_brand":[],"product_cat":[833],"product_tag":[975,977,974,976],"class_list":{"0":"post-119173","1":"product","2":"type-product","3":"status-publish","4":"has-post-thumbnail","6":"product_cat-non-classifiee","7":"product_tag-delicatement-parfume","8":"product_tag-peau-sensible-inquietude","9":"product_tag-pour-cuir-chevelu-sensible","10":"product_tag-shampooings-type","12":"first","13":"instock","14":"taxable","15":"shipping-taxable","16":"purchasable","17":"product-type-simple"},"acf":[],"yoast_head":"<!-- This site is optimized with the Yoast SEO plugin v24.3 - https:\/\/yoast.com\/wordpress\/plugins\/seo\/ -->\n<title>Shampooing pour cuir chevelu sensible - ABENI HAIR<\/title>\n<meta name=\"robots\" content=\"index, follow, max-snippet:-1, max-image-preview:large, max-video-preview:-1\" \/>\n<link rel=\"canonical\" href=\"https:\/\/abenihair.com\/en\/product\/shampooing-pour-cuir-chevelu-sensible\/\" \/>\n<meta property=\"og:locale\" content=\"en_US\" \/>\n<meta property=\"og:type\" content=\"article\" \/>\n<meta property=\"og:title\" content=\"Shampooing pour cuir chevelu sensible - ABENI HAIR\" \/>\n<meta property=\"og:description\" content=\"Notre shampooing pour peaux sensibles est formul\u00e9 de mani\u00e8re experte pour prendre soin des peaux s\u00e8ches et sensibles. Ce shampooing doux mais efficace convient \u00e0 tous les types de peau, ce qui en fait le choix id\u00e9al pour les personnes dont le cuir chevelu est d\u00e9licat ou facilement irrit\u00e9. Certifi\u00e9 [&hellip;]\" \/>\n<meta property=\"og:url\" content=\"https:\/\/abenihair.com\/en\/product\/shampooing-pour-cuir-chevelu-sensible\/\" \/>\n<meta property=\"og:site_name\" content=\"ABENI HAIR\" \/>\n<meta property=\"article:modified_time\" content=\"2025-06-04T19:21:05+00:00\" \/>\n<meta property=\"og:image\" content=\"https:\/\/abenihair.com\/wp-content\/uploads\/2025\/06\/YCVmg0eu39T1TTKeIFHg_MQXs8xtQU6V-scaled.jpg\" \/>\n\t<meta property=\"og:image:width\" content=\"1930\" \/>\n\t<meta property=\"og:image:height\" content=\"2560\" \/>\n\t<meta property=\"og:image:type\" content=\"image\/jpeg\" \/>\n<meta name=\"twitter:card\" content=\"summary_large_image\" \/>\n<script type=\"application\/ld+json\" class=\"yoast-schema-graph\">{\"@context\":\"https:\/\/schema.org\",\"@graph\":[{\"@type\":\"WebPage\",\"@id\":\"https:\/\/abenihair.com\/en\/product\/shampooing-pour-cuir-chevelu-sensible\/\",\"url\":\"https:\/\/abenihair.com\/en\/product\/shampooing-pour-cuir-chevelu-sensible\/\",\"name\":\"Shampooing pour cuir chevelu sensible - ABENI HAIR\",\"isPartOf\":{\"@id\":\"https:\/\/abenihair.com\/en\/#website\"},\"primaryImageOfPage\":{\"@id\":\"https:\/\/abenihair.com\/en\/product\/shampooing-pour-cuir-chevelu-sensible\/#primaryimage\"},\"image\":{\"@id\":\"https:\/\/abenihair.com\/en\/product\/shampooing-pour-cuir-chevelu-sensible\/#primaryimage\"},\"thumbnailUrl\":\"https:\/\/i0.wp.com\/abenihair.com\/wp-content\/uploads\/2025\/06\/YCVmg0eu39T1TTKeIFHg_MQXs8xtQU6V-scaled.jpg?fit=1930%2C2560&ssl=1\",\"datePublished\":\"2025-06-04T19:20:50+00:00\",\"dateModified\":\"2025-06-04T19:21:05+00:00\",\"breadcrumb\":{\"@id\":\"https:\/\/abenihair.com\/en\/product\/shampooing-pour-cuir-chevelu-sensible\/#breadcrumb\"},\"inLanguage\":\"en-US\",\"potentialAction\":[{\"@type\":\"ReadAction\",\"target\":[\"https:\/\/abenihair.com\/en\/product\/shampooing-pour-cuir-chevelu-sensible\/\"]}]},{\"@type\":\"ImageObject\",\"inLanguage\":\"en-US\",\"@id\":\"https:\/\/abenihair.com\/en\/product\/shampooing-pour-cuir-chevelu-sensible\/#primaryimage\",\"url\":\"https:\/\/i0.wp.com\/abenihair.com\/wp-content\/uploads\/2025\/06\/YCVmg0eu39T1TTKeIFHg_MQXs8xtQU6V-scaled.jpg?fit=1930%2C2560&ssl=1\",\"contentUrl\":\"https:\/\/i0.wp.com\/abenihair.com\/wp-content\/uploads\/2025\/06\/YCVmg0eu39T1TTKeIFHg_MQXs8xtQU6V-scaled.jpg?fit=1930%2C2560&ssl=1\",\"width\":1930,\"height\":2560},{\"@type\":\"BreadcrumbList\",\"@id\":\"https:\/\/abenihair.com\/en\/product\/shampooing-pour-cuir-chevelu-sensible\/#breadcrumb\",\"itemListElement\":[{\"@type\":\"ListItem\",\"position\":1,\"name\":\"Accueil\",\"item\":\"https:\/\/abenihair.com\/en\/\"},{\"@type\":\"ListItem\",\"position\":2,\"name\":\"Store\",\"item\":\"https:\/\/abenihair.com\/en\/store\/\"},{\"@type\":\"ListItem\",\"position\":3,\"name\":\"Shampooing pour cuir chevelu sensible\"}]},{\"@type\":\"WebSite\",\"@id\":\"https:\/\/abenihair.com\/en\/#website\",\"url\":\"https:\/\/abenihair.com\/en\/\",\"name\":\"ABENI HAIR\",\"description\":\"L&#039;excellence sinon rien\",\"potentialAction\":[{\"@type\":\"SearchAction\",\"target\":{\"@type\":\"EntryPoint\",\"urlTemplate\":\"https:\/\/abenihair.com\/en\/?s={search_term_string}\"},\"query-input\":{\"@type\":\"PropertyValueSpecification\",\"valueRequired\":true,\"valueName\":\"search_term_string\"}}],\"inLanguage\":\"en-US\"}]}<\/script>\n<!-- \/ Yoast SEO plugin. -->","yoast_head_json":{"title":"Shampooing pour cuir chevelu sensible - ABENI HAIR","robots":{"index":"index","follow":"follow","max-snippet":"max-snippet:-1","max-image-preview":"max-image-preview:large","max-video-preview":"max-video-preview:-1"},"canonical":"https:\/\/abenihair.com\/en\/product\/shampooing-pour-cuir-chevelu-sensible\/","og_locale":"en_US","og_type":"article","og_title":"Shampooing pour cuir chevelu sensible - ABENI HAIR","og_description":"Notre shampooing pour peaux sensibles est formul\u00e9 de mani\u00e8re experte pour prendre soin des peaux s\u00e8ches et sensibles. Ce shampooing doux mais efficace convient \u00e0 tous les types de peau, ce qui en fait le choix id\u00e9al pour les personnes dont le cuir chevelu est d\u00e9licat ou facilement irrit\u00e9. Certifi\u00e9 [&hellip;]","og_url":"https:\/\/abenihair.com\/en\/product\/shampooing-pour-cuir-chevelu-sensible\/","og_site_name":"ABENI HAIR","article_modified_time":"2025-06-04T19:21:05+00:00","og_image":[{"width":1930,"height":2560,"url":"https:\/\/abenihair.com\/wp-content\/uploads\/2025\/06\/YCVmg0eu39T1TTKeIFHg_MQXs8xtQU6V-scaled.jpg","type":"image\/jpeg"}],"twitter_card":"summary_large_image","schema":{"@context":"https:\/\/schema.org","@graph":[{"@type":"WebPage","@id":"https:\/\/abenihair.com\/en\/product\/shampooing-pour-cuir-chevelu-sensible\/","url":"https:\/\/abenihair.com\/en\/product\/shampooing-pour-cuir-chevelu-sensible\/","name":"Shampooing pour cuir chevelu sensible - ABENI HAIR","isPartOf":{"@id":"https:\/\/abenihair.com\/en\/#website"},"primaryImageOfPage":{"@id":"https:\/\/abenihair.com\/en\/product\/shampooing-pour-cuir-chevelu-sensible\/#primaryimage"},"image":{"@id":"https:\/\/abenihair.com\/en\/product\/shampooing-pour-cuir-chevelu-sensible\/#primaryimage"},"thumbnailUrl":"https:\/\/i0.wp.com\/abenihair.com\/wp-content\/uploads\/2025\/06\/YCVmg0eu39T1TTKeIFHg_MQXs8xtQU6V-scaled.jpg?fit=1930%2C2560&ssl=1","datePublished":"2025-06-04T19:20:50+00:00","dateModified":"2025-06-04T19:21:05+00:00","breadcrumb":{"@id":"https:\/\/abenihair.com\/en\/product\/shampooing-pour-cuir-chevelu-sensible\/#breadcrumb"},"inLanguage":"en-US","potentialAction":[{"@type":"ReadAction","target":["https:\/\/abenihair.com\/en\/product\/shampooing-pour-cuir-chevelu-sensible\/"]}]},{"@type":"ImageObject","inLanguage":"en-US","@id":"https:\/\/abenihair.com\/en\/product\/shampooing-pour-cuir-chevelu-sensible\/#primaryimage","url":"https:\/\/i0.wp.com\/abenihair.com\/wp-content\/uploads\/2025\/06\/YCVmg0eu39T1TTKeIFHg_MQXs8xtQU6V-scaled.jpg?fit=1930%2C2560&ssl=1","contentUrl":"https:\/\/i0.wp.com\/abenihair.com\/wp-content\/uploads\/2025\/06\/YCVmg0eu39T1TTKeIFHg_MQXs8xtQU6V-scaled.jpg?fit=1930%2C2560&ssl=1","width":1930,"height":2560},{"@type":"BreadcrumbList","@id":"https:\/\/abenihair.com\/en\/product\/shampooing-pour-cuir-chevelu-sensible\/#breadcrumb","itemListElement":[{"@type":"ListItem","position":1,"name":"Accueil","item":"https:\/\/abenihair.com\/en\/"},{"@type":"ListItem","position":2,"name":"Store","item":"https:\/\/abenihair.com\/en\/store\/"},{"@type":"ListItem","position":3,"name":"Shampooing pour cuir chevelu sensible"}]},{"@type":"WebSite","@id":"https:\/\/abenihair.com\/en\/#website","url":"https:\/\/abenihair.com\/en\/","name":"ABENI HAIR","description":"L&#039;excellence sinon rien","potentialAction":[{"@type":"SearchAction","target":{"@type":"EntryPoint","urlTemplate":"https:\/\/abenihair.com\/en\/?s={search_term_string}"},"query-input":{"@type":"PropertyValueSpecification","valueRequired":true,"valueName":"search_term_string"}}],"inLanguage":"en-US"}]}},"_links":{"self":[{"href":"https:\/\/abenihair.com\/en\/wp-json\/wp\/v2\/product\/119173","targetHints":{"allow":["GET"]}}],"collection":[{"href":"https:\/\/abenihair.com\/en\/wp-json\/wp\/v2\/product"}],"about":[{"href":"https:\/\/abenihair.com\/en\/wp-json\/wp\/v2\/types\/product"}],"replies":[{"embeddable":true,"href":"https:\/\/abenihair.com\/en\/wp-json\/wp\/v2\/comments?post=119173"}],"wp:featuredmedia":[{"embeddable":true,"href":"https:\/\/abenihair.com\/en\/wp-json\/wp\/v2\/media\/119174"}],"wp:attachment":[{"href":"https:\/\/abenihair.com\/en\/wp-json\/wp\/v2\/media?parent=119173"}],"wp:term":[{"taxonomy":"product_brand","embeddable":true,"href":"https:\/\/abenihair.com\/en\/wp-json\/wp\/v2\/product_brand?post=119173"},{"taxonomy":"product_cat","embeddable":true,"href":"https:\/\/abenihair.com\/en\/wp-json\/wp\/v2\/product_cat?post=119173"},{"taxonomy":"product_tag","embeddable":true,"href":"https:\/\/abenihair.com\/en\/wp-json\/wp\/v2\/product_tag?post=119173"}],"curies":[{"name":"wp","href":"https:\/\/api.w.org\/{rel}","templated":true}]}}