{"id":119163,"date":"2025-06-04T21:21:20","date_gmt":"2025-06-04T19:21:20","guid":{"rendered":"https:\/\/abenihair.com\/?post_type=product&#038;p=119163"},"modified":"2025-06-04T21:21:34","modified_gmt":"2025-06-04T19:21:34","slug":"mousse-nettoyante","status":"publish","type":"product","link":"https:\/\/abenihair.com\/en\/product\/mousse-nettoyante\/","title":{"rendered":"Mousse nettoyante"},"content":{"rendered":"<p>Douce et l\u00e9g\u00e8re, la mousse nettoyante aide \u00e0 \u00e9liminer le maquillage et les impuret\u00e9s, pour une peau fra\u00eeche et souple. Appliquez la mousse sur le visage, massez doucement puis rincez \u00e0 l\u2019eau.<\/p>\n","protected":false},"excerpt":{"rendered":"<p>Douce et l\u00e9g\u00e8re, la mousse nettoyante aide \u00e0 \u00e9liminer le maquillage et les impuret\u00e9s, pour une peau fra\u00eeche et souple. Appliquez la mousse sur le visage, massez doucement puis rincez \u00e0 l\u2019eau.<\/p>\n","protected":false},"featured_media":119164,"comment_status":"closed","ping_status":"closed","template":"","meta":[],"product_brand":[],"product_cat":[833],"product_tag":[],"class_list":{"0":"post-119163","1":"product","2":"type-product","3":"status-publish","4":"has-post-thumbnail","6":"product_cat-non-classifiee","8":"first","9":"instock","10":"taxable","11":"shipping-taxable","12":"purchasable","13":"product-type-simple"},"acf":[],"yoast_head":"<!-- This site is optimized with the Yoast SEO plugin v24.3 - https:\/\/yoast.com\/wordpress\/plugins\/seo\/ -->\n<title>Mousse nettoyante - ABENI HAIR<\/title>\n<meta name=\"robots\" content=\"index, follow, max-snippet:-1, max-image-preview:large, max-video-preview:-1\" \/>\n<link rel=\"canonical\" href=\"https:\/\/abenihair.com\/en\/product\/mousse-nettoyante\/\" \/>\n<meta property=\"og:locale\" content=\"en_US\" \/>\n<meta property=\"og:type\" content=\"article\" \/>\n<meta property=\"og:title\" content=\"Mousse nettoyante - ABENI HAIR\" \/>\n<meta property=\"og:description\" content=\"Douce et l\u00e9g\u00e8re, la mousse nettoyante aide \u00e0 \u00e9liminer le maquillage et les impuret\u00e9s, pour une peau fra\u00eeche et souple. Appliquez la mousse sur le visage, massez doucement puis rincez \u00e0 l\u2019eau.\" \/>\n<meta property=\"og:url\" content=\"https:\/\/abenihair.com\/en\/product\/mousse-nettoyante\/\" \/>\n<meta property=\"og:site_name\" content=\"ABENI HAIR\" \/>\n<meta property=\"article:modified_time\" content=\"2025-06-04T19:21:34+00:00\" \/>\n<meta property=\"og:image\" content=\"https:\/\/abenihair.com\/wp-content\/uploads\/2025\/06\/O236SDw9GkuAtxkcoHnMrhJ_9lJP7tPq-scaled.jpg\" \/>\n\t<meta property=\"og:image:width\" content=\"1930\" \/>\n\t<meta property=\"og:image:height\" content=\"2560\" \/>\n\t<meta property=\"og:image:type\" content=\"image\/jpeg\" \/>\n<meta name=\"twitter:card\" content=\"summary_large_image\" \/>\n<script type=\"application\/ld+json\" class=\"yoast-schema-graph\">{\"@context\":\"https:\/\/schema.org\",\"@graph\":[{\"@type\":\"WebPage\",\"@id\":\"https:\/\/abenihair.com\/en\/product\/mousse-nettoyante\/\",\"url\":\"https:\/\/abenihair.com\/en\/product\/mousse-nettoyante\/\",\"name\":\"Mousse nettoyante - ABENI HAIR\",\"isPartOf\":{\"@id\":\"https:\/\/abenihair.com\/en\/#website\"},\"primaryImageOfPage\":{\"@id\":\"https:\/\/abenihair.com\/en\/product\/mousse-nettoyante\/#primaryimage\"},\"image\":{\"@id\":\"https:\/\/abenihair.com\/en\/product\/mousse-nettoyante\/#primaryimage\"},\"thumbnailUrl\":\"https:\/\/i0.wp.com\/abenihair.com\/wp-content\/uploads\/2025\/06\/O236SDw9GkuAtxkcoHnMrhJ_9lJP7tPq-scaled.jpg?fit=1930%2C2560&ssl=1\",\"datePublished\":\"2025-06-04T19:21:20+00:00\",\"dateModified\":\"2025-06-04T19:21:34+00:00\",\"breadcrumb\":{\"@id\":\"https:\/\/abenihair.com\/en\/product\/mousse-nettoyante\/#breadcrumb\"},\"inLanguage\":\"en-US\",\"potentialAction\":[{\"@type\":\"ReadAction\",\"target\":[\"https:\/\/abenihair.com\/en\/product\/mousse-nettoyante\/\"]}]},{\"@type\":\"ImageObject\",\"inLanguage\":\"en-US\",\"@id\":\"https:\/\/abenihair.com\/en\/product\/mousse-nettoyante\/#primaryimage\",\"url\":\"https:\/\/i0.wp.com\/abenihair.com\/wp-content\/uploads\/2025\/06\/O236SDw9GkuAtxkcoHnMrhJ_9lJP7tPq-scaled.jpg?fit=1930%2C2560&ssl=1\",\"contentUrl\":\"https:\/\/i0.wp.com\/abenihair.com\/wp-content\/uploads\/2025\/06\/O236SDw9GkuAtxkcoHnMrhJ_9lJP7tPq-scaled.jpg?fit=1930%2C2560&ssl=1\",\"width\":1930,\"height\":2560},{\"@type\":\"BreadcrumbList\",\"@id\":\"https:\/\/abenihair.com\/en\/product\/mousse-nettoyante\/#breadcrumb\",\"itemListElement\":[{\"@type\":\"ListItem\",\"position\":1,\"name\":\"Accueil\",\"item\":\"https:\/\/abenihair.com\/en\/\"},{\"@type\":\"ListItem\",\"position\":2,\"name\":\"Store\",\"item\":\"https:\/\/abenihair.com\/en\/store\/\"},{\"@type\":\"ListItem\",\"position\":3,\"name\":\"Mousse nettoyante\"}]},{\"@type\":\"WebSite\",\"@id\":\"https:\/\/abenihair.com\/en\/#website\",\"url\":\"https:\/\/abenihair.com\/en\/\",\"name\":\"ABENI HAIR\",\"description\":\"L&#039;excellence sinon rien\",\"potentialAction\":[{\"@type\":\"SearchAction\",\"target\":{\"@type\":\"EntryPoint\",\"urlTemplate\":\"https:\/\/abenihair.com\/en\/?s={search_term_string}\"},\"query-input\":{\"@type\":\"PropertyValueSpecification\",\"valueRequired\":true,\"valueName\":\"search_term_string\"}}],\"inLanguage\":\"en-US\"}]}<\/script>\n<!-- \/ Yoast SEO plugin. -->","yoast_head_json":{"title":"Mousse nettoyante - ABENI HAIR","robots":{"index":"index","follow":"follow","max-snippet":"max-snippet:-1","max-image-preview":"max-image-preview:large","max-video-preview":"max-video-preview:-1"},"canonical":"https:\/\/abenihair.com\/en\/product\/mousse-nettoyante\/","og_locale":"en_US","og_type":"article","og_title":"Mousse nettoyante - ABENI HAIR","og_description":"Douce et l\u00e9g\u00e8re, la mousse nettoyante aide \u00e0 \u00e9liminer le maquillage et les impuret\u00e9s, pour une peau fra\u00eeche et souple. Appliquez la mousse sur le visage, massez doucement puis rincez \u00e0 l\u2019eau.","og_url":"https:\/\/abenihair.com\/en\/product\/mousse-nettoyante\/","og_site_name":"ABENI HAIR","article_modified_time":"2025-06-04T19:21:34+00:00","og_image":[{"width":1930,"height":2560,"url":"https:\/\/abenihair.com\/wp-content\/uploads\/2025\/06\/O236SDw9GkuAtxkcoHnMrhJ_9lJP7tPq-scaled.jpg","type":"image\/jpeg"}],"twitter_card":"summary_large_image","schema":{"@context":"https:\/\/schema.org","@graph":[{"@type":"WebPage","@id":"https:\/\/abenihair.com\/en\/product\/mousse-nettoyante\/","url":"https:\/\/abenihair.com\/en\/product\/mousse-nettoyante\/","name":"Mousse nettoyante - ABENI HAIR","isPartOf":{"@id":"https:\/\/abenihair.com\/en\/#website"},"primaryImageOfPage":{"@id":"https:\/\/abenihair.com\/en\/product\/mousse-nettoyante\/#primaryimage"},"image":{"@id":"https:\/\/abenihair.com\/en\/product\/mousse-nettoyante\/#primaryimage"},"thumbnailUrl":"https:\/\/i0.wp.com\/abenihair.com\/wp-content\/uploads\/2025\/06\/O236SDw9GkuAtxkcoHnMrhJ_9lJP7tPq-scaled.jpg?fit=1930%2C2560&ssl=1","datePublished":"2025-06-04T19:21:20+00:00","dateModified":"2025-06-04T19:21:34+00:00","breadcrumb":{"@id":"https:\/\/abenihair.com\/en\/product\/mousse-nettoyante\/#breadcrumb"},"inLanguage":"en-US","potentialAction":[{"@type":"ReadAction","target":["https:\/\/abenihair.com\/en\/product\/mousse-nettoyante\/"]}]},{"@type":"ImageObject","inLanguage":"en-US","@id":"https:\/\/abenihair.com\/en\/product\/mousse-nettoyante\/#primaryimage","url":"https:\/\/i0.wp.com\/abenihair.com\/wp-content\/uploads\/2025\/06\/O236SDw9GkuAtxkcoHnMrhJ_9lJP7tPq-scaled.jpg?fit=1930%2C2560&ssl=1","contentUrl":"https:\/\/i0.wp.com\/abenihair.com\/wp-content\/uploads\/2025\/06\/O236SDw9GkuAtxkcoHnMrhJ_9lJP7tPq-scaled.jpg?fit=1930%2C2560&ssl=1","width":1930,"height":2560},{"@type":"BreadcrumbList","@id":"https:\/\/abenihair.com\/en\/product\/mousse-nettoyante\/#breadcrumb","itemListElement":[{"@type":"ListItem","position":1,"name":"Accueil","item":"https:\/\/abenihair.com\/en\/"},{"@type":"ListItem","position":2,"name":"Store","item":"https:\/\/abenihair.com\/en\/store\/"},{"@type":"ListItem","position":3,"name":"Mousse nettoyante"}]},{"@type":"WebSite","@id":"https:\/\/abenihair.com\/en\/#website","url":"https:\/\/abenihair.com\/en\/","name":"ABENI HAIR","description":"L&#039;excellence sinon rien","potentialAction":[{"@type":"SearchAction","target":{"@type":"EntryPoint","urlTemplate":"https:\/\/abenihair.com\/en\/?s={search_term_string}"},"query-input":{"@type":"PropertyValueSpecification","valueRequired":true,"valueName":"search_term_string"}}],"inLanguage":"en-US"}]}},"_links":{"self":[{"href":"https:\/\/abenihair.com\/en\/wp-json\/wp\/v2\/product\/119163","targetHints":{"allow":["GET"]}}],"collection":[{"href":"https:\/\/abenihair.com\/en\/wp-json\/wp\/v2\/product"}],"about":[{"href":"https:\/\/abenihair.com\/en\/wp-json\/wp\/v2\/types\/product"}],"replies":[{"embeddable":true,"href":"https:\/\/abenihair.com\/en\/wp-json\/wp\/v2\/comments?post=119163"}],"wp:featuredmedia":[{"embeddable":true,"href":"https:\/\/abenihair.com\/en\/wp-json\/wp\/v2\/media\/119164"}],"wp:attachment":[{"href":"https:\/\/abenihair.com\/en\/wp-json\/wp\/v2\/media?parent=119163"}],"wp:term":[{"taxonomy":"product_brand","embeddable":true,"href":"https:\/\/abenihair.com\/en\/wp-json\/wp\/v2\/product_brand?post=119163"},{"taxonomy":"product_cat","embeddable":true,"href":"https:\/\/abenihair.com\/en\/wp-json\/wp\/v2\/product_cat?post=119163"},{"taxonomy":"product_tag","embeddable":true,"href":"https:\/\/abenihair.com\/en\/wp-json\/wp\/v2\/product_tag?post=119163"}],"curies":[{"name":"wp","href":"https:\/\/api.w.org\/{rel}","templated":true}]}}