{"id":119158,"date":"2025-06-04T21:21:34","date_gmt":"2025-06-04T19:21:34","guid":{"rendered":"https:\/\/abenihair.com\/?post_type=product&#038;p=119158"},"modified":"2025-06-04T21:21:49","modified_gmt":"2025-06-04T19:21:49","slug":"creme-pour-les-mains-silk-skin-epices-et-bois-de-santal","status":"publish","type":"product","link":"https:\/\/abenihair.com\/en\/product\/creme-pour-les-mains-silk-skin-epices-et-bois-de-santal\/","title":{"rendered":"Cr\u00e8me pour les mains Silk Skin, \u00e9pices et bois de santal"},"content":{"rendered":"<p>Con\u00e7ue pour offrir une hydratation et une nutrition intenses \u00e0 vos mains. Infus\u00e9e d&#8217;huile de graines de tournesol et de beurre de cacao, cette formule riche procure une hydratation durable tout en apaisant la peau s\u00e8che et gerc\u00e9e. La texture velout\u00e9e de la cr\u00e8me pour les mains assure une absorption rapide, ce qui la rend id\u00e9ale pour un usage fr\u00e9quent tout au long de la journ\u00e9e.<\/p>\n","protected":false},"excerpt":{"rendered":"<p>Con\u00e7ue pour offrir une hydratation et une nutrition intenses \u00e0 vos mains. Infus\u00e9e d&#8217;huile de graines de tournesol et de beurre de cacao, cette formule riche procure une hydratation durable tout en apaisant la peau s\u00e8che et gerc\u00e9e. La texture velout\u00e9e de la cr\u00e8me pour les mains assure une absorption [&hellip;]<\/p>\n","protected":false},"featured_media":119159,"comment_status":"closed","ping_status":"closed","template":"","meta":[],"product_brand":[],"product_cat":[833],"product_tag":[985],"class_list":{"0":"post-119158","1":"product","2":"type-product","3":"status-publish","4":"has-post-thumbnail","6":"product_cat-non-classifiee","7":"product_tag-ambre-couleur-de-lemballage","9":"first","10":"instock","11":"taxable","12":"shipping-taxable","13":"purchasable","14":"product-type-simple"},"acf":[],"yoast_head":"<!-- This site is optimized with the Yoast SEO plugin v24.3 - https:\/\/yoast.com\/wordpress\/plugins\/seo\/ -->\n<title>Cr\u00e8me pour les mains Silk Skin, \u00e9pices et bois de santal - ABENI HAIR<\/title>\n<meta name=\"robots\" content=\"index, follow, max-snippet:-1, max-image-preview:large, max-video-preview:-1\" \/>\n<link rel=\"canonical\" href=\"https:\/\/abenihair.com\/en\/product\/creme-pour-les-mains-silk-skin-epices-et-bois-de-santal\/\" \/>\n<meta property=\"og:locale\" content=\"en_US\" \/>\n<meta property=\"og:type\" content=\"article\" \/>\n<meta property=\"og:title\" content=\"Cr\u00e8me pour les mains Silk Skin, \u00e9pices et bois de santal - ABENI HAIR\" \/>\n<meta property=\"og:description\" content=\"Con\u00e7ue pour offrir une hydratation et une nutrition intenses \u00e0 vos mains. Infus\u00e9e d&#8217;huile de graines de tournesol et de beurre de cacao, cette formule riche procure une hydratation durable tout en apaisant la peau s\u00e8che et gerc\u00e9e. La texture velout\u00e9e de la cr\u00e8me pour les mains assure une absorption [&hellip;]\" \/>\n<meta property=\"og:url\" content=\"https:\/\/abenihair.com\/en\/product\/creme-pour-les-mains-silk-skin-epices-et-bois-de-santal\/\" \/>\n<meta property=\"og:site_name\" content=\"ABENI HAIR\" \/>\n<meta property=\"article:modified_time\" content=\"2025-06-04T19:21:49+00:00\" \/>\n<meta property=\"og:image\" content=\"https:\/\/abenihair.com\/wp-content\/uploads\/2025\/06\/Qp9VzD48tfLPm2KLQJdMdnOQwpCte_MD-scaled.jpg\" \/>\n\t<meta property=\"og:image:width\" content=\"1930\" \/>\n\t<meta property=\"og:image:height\" content=\"2560\" \/>\n\t<meta property=\"og:image:type\" content=\"image\/jpeg\" \/>\n<meta name=\"twitter:card\" content=\"summary_large_image\" \/>\n<script type=\"application\/ld+json\" class=\"yoast-schema-graph\">{\"@context\":\"https:\/\/schema.org\",\"@graph\":[{\"@type\":\"WebPage\",\"@id\":\"https:\/\/abenihair.com\/en\/product\/creme-pour-les-mains-silk-skin-epices-et-bois-de-santal\/\",\"url\":\"https:\/\/abenihair.com\/en\/product\/creme-pour-les-mains-silk-skin-epices-et-bois-de-santal\/\",\"name\":\"Cr\u00e8me pour les mains Silk Skin, \u00e9pices et bois de santal - ABENI HAIR\",\"isPartOf\":{\"@id\":\"https:\/\/abenihair.com\/en\/#website\"},\"primaryImageOfPage\":{\"@id\":\"https:\/\/abenihair.com\/en\/product\/creme-pour-les-mains-silk-skin-epices-et-bois-de-santal\/#primaryimage\"},\"image\":{\"@id\":\"https:\/\/abenihair.com\/en\/product\/creme-pour-les-mains-silk-skin-epices-et-bois-de-santal\/#primaryimage\"},\"thumbnailUrl\":\"https:\/\/i0.wp.com\/abenihair.com\/wp-content\/uploads\/2025\/06\/Qp9VzD48tfLPm2KLQJdMdnOQwpCte_MD-scaled.jpg?fit=1930%2C2560&ssl=1\",\"datePublished\":\"2025-06-04T19:21:34+00:00\",\"dateModified\":\"2025-06-04T19:21:49+00:00\",\"breadcrumb\":{\"@id\":\"https:\/\/abenihair.com\/en\/product\/creme-pour-les-mains-silk-skin-epices-et-bois-de-santal\/#breadcrumb\"},\"inLanguage\":\"en-US\",\"potentialAction\":[{\"@type\":\"ReadAction\",\"target\":[\"https:\/\/abenihair.com\/en\/product\/creme-pour-les-mains-silk-skin-epices-et-bois-de-santal\/\"]}]},{\"@type\":\"ImageObject\",\"inLanguage\":\"en-US\",\"@id\":\"https:\/\/abenihair.com\/en\/product\/creme-pour-les-mains-silk-skin-epices-et-bois-de-santal\/#primaryimage\",\"url\":\"https:\/\/i0.wp.com\/abenihair.com\/wp-content\/uploads\/2025\/06\/Qp9VzD48tfLPm2KLQJdMdnOQwpCte_MD-scaled.jpg?fit=1930%2C2560&ssl=1\",\"contentUrl\":\"https:\/\/i0.wp.com\/abenihair.com\/wp-content\/uploads\/2025\/06\/Qp9VzD48tfLPm2KLQJdMdnOQwpCte_MD-scaled.jpg?fit=1930%2C2560&ssl=1\",\"width\":1930,\"height\":2560},{\"@type\":\"BreadcrumbList\",\"@id\":\"https:\/\/abenihair.com\/en\/product\/creme-pour-les-mains-silk-skin-epices-et-bois-de-santal\/#breadcrumb\",\"itemListElement\":[{\"@type\":\"ListItem\",\"position\":1,\"name\":\"Accueil\",\"item\":\"https:\/\/abenihair.com\/en\/\"},{\"@type\":\"ListItem\",\"position\":2,\"name\":\"Store\",\"item\":\"https:\/\/abenihair.com\/en\/store\/\"},{\"@type\":\"ListItem\",\"position\":3,\"name\":\"Cr\u00e8me pour les mains Silk Skin, \u00e9pices et bois de santal\"}]},{\"@type\":\"WebSite\",\"@id\":\"https:\/\/abenihair.com\/en\/#website\",\"url\":\"https:\/\/abenihair.com\/en\/\",\"name\":\"ABENI HAIR\",\"description\":\"L&#039;excellence sinon rien\",\"potentialAction\":[{\"@type\":\"SearchAction\",\"target\":{\"@type\":\"EntryPoint\",\"urlTemplate\":\"https:\/\/abenihair.com\/en\/?s={search_term_string}\"},\"query-input\":{\"@type\":\"PropertyValueSpecification\",\"valueRequired\":true,\"valueName\":\"search_term_string\"}}],\"inLanguage\":\"en-US\"}]}<\/script>\n<!-- \/ Yoast SEO plugin. -->","yoast_head_json":{"title":"Cr\u00e8me pour les mains Silk Skin, \u00e9pices et bois de santal - ABENI HAIR","robots":{"index":"index","follow":"follow","max-snippet":"max-snippet:-1","max-image-preview":"max-image-preview:large","max-video-preview":"max-video-preview:-1"},"canonical":"https:\/\/abenihair.com\/en\/product\/creme-pour-les-mains-silk-skin-epices-et-bois-de-santal\/","og_locale":"en_US","og_type":"article","og_title":"Cr\u00e8me pour les mains Silk Skin, \u00e9pices et bois de santal - ABENI HAIR","og_description":"Con\u00e7ue pour offrir une hydratation et une nutrition intenses \u00e0 vos mains. Infus\u00e9e d&#8217;huile de graines de tournesol et de beurre de cacao, cette formule riche procure une hydratation durable tout en apaisant la peau s\u00e8che et gerc\u00e9e. La texture velout\u00e9e de la cr\u00e8me pour les mains assure une absorption [&hellip;]","og_url":"https:\/\/abenihair.com\/en\/product\/creme-pour-les-mains-silk-skin-epices-et-bois-de-santal\/","og_site_name":"ABENI HAIR","article_modified_time":"2025-06-04T19:21:49+00:00","og_image":[{"width":1930,"height":2560,"url":"https:\/\/abenihair.com\/wp-content\/uploads\/2025\/06\/Qp9VzD48tfLPm2KLQJdMdnOQwpCte_MD-scaled.jpg","type":"image\/jpeg"}],"twitter_card":"summary_large_image","schema":{"@context":"https:\/\/schema.org","@graph":[{"@type":"WebPage","@id":"https:\/\/abenihair.com\/en\/product\/creme-pour-les-mains-silk-skin-epices-et-bois-de-santal\/","url":"https:\/\/abenihair.com\/en\/product\/creme-pour-les-mains-silk-skin-epices-et-bois-de-santal\/","name":"Cr\u00e8me pour les mains Silk Skin, \u00e9pices et bois de santal - ABENI HAIR","isPartOf":{"@id":"https:\/\/abenihair.com\/en\/#website"},"primaryImageOfPage":{"@id":"https:\/\/abenihair.com\/en\/product\/creme-pour-les-mains-silk-skin-epices-et-bois-de-santal\/#primaryimage"},"image":{"@id":"https:\/\/abenihair.com\/en\/product\/creme-pour-les-mains-silk-skin-epices-et-bois-de-santal\/#primaryimage"},"thumbnailUrl":"https:\/\/i0.wp.com\/abenihair.com\/wp-content\/uploads\/2025\/06\/Qp9VzD48tfLPm2KLQJdMdnOQwpCte_MD-scaled.jpg?fit=1930%2C2560&ssl=1","datePublished":"2025-06-04T19:21:34+00:00","dateModified":"2025-06-04T19:21:49+00:00","breadcrumb":{"@id":"https:\/\/abenihair.com\/en\/product\/creme-pour-les-mains-silk-skin-epices-et-bois-de-santal\/#breadcrumb"},"inLanguage":"en-US","potentialAction":[{"@type":"ReadAction","target":["https:\/\/abenihair.com\/en\/product\/creme-pour-les-mains-silk-skin-epices-et-bois-de-santal\/"]}]},{"@type":"ImageObject","inLanguage":"en-US","@id":"https:\/\/abenihair.com\/en\/product\/creme-pour-les-mains-silk-skin-epices-et-bois-de-santal\/#primaryimage","url":"https:\/\/i0.wp.com\/abenihair.com\/wp-content\/uploads\/2025\/06\/Qp9VzD48tfLPm2KLQJdMdnOQwpCte_MD-scaled.jpg?fit=1930%2C2560&ssl=1","contentUrl":"https:\/\/i0.wp.com\/abenihair.com\/wp-content\/uploads\/2025\/06\/Qp9VzD48tfLPm2KLQJdMdnOQwpCte_MD-scaled.jpg?fit=1930%2C2560&ssl=1","width":1930,"height":2560},{"@type":"BreadcrumbList","@id":"https:\/\/abenihair.com\/en\/product\/creme-pour-les-mains-silk-skin-epices-et-bois-de-santal\/#breadcrumb","itemListElement":[{"@type":"ListItem","position":1,"name":"Accueil","item":"https:\/\/abenihair.com\/en\/"},{"@type":"ListItem","position":2,"name":"Store","item":"https:\/\/abenihair.com\/en\/store\/"},{"@type":"ListItem","position":3,"name":"Cr\u00e8me pour les mains Silk Skin, \u00e9pices et bois de santal"}]},{"@type":"WebSite","@id":"https:\/\/abenihair.com\/en\/#website","url":"https:\/\/abenihair.com\/en\/","name":"ABENI HAIR","description":"L&#039;excellence sinon rien","potentialAction":[{"@type":"SearchAction","target":{"@type":"EntryPoint","urlTemplate":"https:\/\/abenihair.com\/en\/?s={search_term_string}"},"query-input":{"@type":"PropertyValueSpecification","valueRequired":true,"valueName":"search_term_string"}}],"inLanguage":"en-US"}]}},"_links":{"self":[{"href":"https:\/\/abenihair.com\/en\/wp-json\/wp\/v2\/product\/119158","targetHints":{"allow":["GET"]}}],"collection":[{"href":"https:\/\/abenihair.com\/en\/wp-json\/wp\/v2\/product"}],"about":[{"href":"https:\/\/abenihair.com\/en\/wp-json\/wp\/v2\/types\/product"}],"replies":[{"embeddable":true,"href":"https:\/\/abenihair.com\/en\/wp-json\/wp\/v2\/comments?post=119158"}],"wp:featuredmedia":[{"embeddable":true,"href":"https:\/\/abenihair.com\/en\/wp-json\/wp\/v2\/media\/119159"}],"wp:attachment":[{"href":"https:\/\/abenihair.com\/en\/wp-json\/wp\/v2\/media?parent=119158"}],"wp:term":[{"taxonomy":"product_brand","embeddable":true,"href":"https:\/\/abenihair.com\/en\/wp-json\/wp\/v2\/product_brand?post=119158"},{"taxonomy":"product_cat","embeddable":true,"href":"https:\/\/abenihair.com\/en\/wp-json\/wp\/v2\/product_cat?post=119158"},{"taxonomy":"product_tag","embeddable":true,"href":"https:\/\/abenihair.com\/en\/wp-json\/wp\/v2\/product_tag?post=119158"}],"curies":[{"name":"wp","href":"https:\/\/api.w.org\/{rel}","templated":true}]}}