{"id":119143,"date":"2025-06-04T21:22:17","date_gmt":"2025-06-04T19:22:17","guid":{"rendered":"https:\/\/abenihair.com\/?post_type=product&#038;p=119143"},"modified":"2025-06-04T21:22:32","modified_gmt":"2025-06-04T19:22:32","slug":"creme-hydratante-pour-peaux-sensibles","status":"publish","type":"product","link":"https:\/\/abenihair.com\/en\/product\/creme-hydratante-pour-peaux-sensibles\/","title":{"rendered":"Cr\u00e8me hydratante pour peaux sensibles"},"content":{"rendered":"<p>Notre soin hydratant pour peaux sensibles est con\u00e7u pour calmer et hydrater les peaux les plus d\u00e9licates. Sp\u00e9cialement formul\u00e9e pour r\u00e9duire les rougeurs et les irritations, cette cr\u00e8me hydratante douce offre un soulagement durable tout en renfor\u00e7ant la barri\u00e8re naturelle de la peau. L\u00e9g\u00e8re mais profond\u00e9ment nourrissante, elle s&#8217;absorbe sans effort pour un fini confortable et non gras. Appliquer quotidiennement sur une peau propre pour des r\u00e9sultats optimaux et un teint apais\u00e9 et \u00e9quilibr\u00e9.<\/p>\n<p>\u00a0<\/p>\n","protected":false},"excerpt":{"rendered":"<p>Notre soin hydratant pour peaux sensibles est con\u00e7u pour calmer et hydrater les peaux les plus d\u00e9licates. Sp\u00e9cialement formul\u00e9e pour r\u00e9duire les rougeurs et les irritations, cette cr\u00e8me hydratante douce offre un soulagement durable tout en renfor\u00e7ant la barri\u00e8re naturelle de la peau. L\u00e9g\u00e8re mais profond\u00e9ment nourrissante, elle s&#8217;absorbe sans [&hellip;]<\/p>\n","protected":false},"featured_media":119144,"comment_status":"closed","ping_status":"closed","template":"","meta":[],"product_brand":[],"product_cat":[833],"product_tag":[937,953,990,1022,943,944,945,977,946,1023,1024,950],"class_list":{"0":"post-119143","1":"product","2":"type-product","3":"status-publish","4":"has-post-thumbnail","6":"product_cat-non-classifiee","7":"product_tag-acide-hyaluronique-principes-actifs-en","8":"product_tag-all-skin-types-types-de-peau-en","9":"product_tag-blanche-couleur-de-lemballage-en-2","10":"product_tag-calme-les-irritations-en","11":"product_tag-hydratant-type-en","12":"product_tag-jus-daloe-vera-principes-actifs-en","13":"product_tag-pca-de-sodium-principes-actifs-en","14":"product_tag-peau-sensible-inquietude","15":"product_tag-peaux-deshydratees-inquietude-en","16":"product_tag-reduit-les-rougeurs-en","17":"product_tag-sans-parfum-en","18":"product_tag-soins-du-visage-en","20":"first","21":"instock","22":"taxable","23":"shipping-taxable","24":"purchasable","25":"product-type-simple"},"acf":[],"yoast_head":"<!-- This site is optimized with the Yoast SEO plugin v24.3 - https:\/\/yoast.com\/wordpress\/plugins\/seo\/ -->\n<title>Cr\u00e8me hydratante pour peaux sensibles - ABENI HAIR<\/title>\n<meta name=\"robots\" content=\"index, follow, max-snippet:-1, max-image-preview:large, max-video-preview:-1\" \/>\n<link rel=\"canonical\" href=\"https:\/\/abenihair.com\/en\/product\/creme-hydratante-pour-peaux-sensibles\/\" \/>\n<meta property=\"og:locale\" content=\"en_US\" \/>\n<meta property=\"og:type\" content=\"article\" \/>\n<meta property=\"og:title\" content=\"Cr\u00e8me hydratante pour peaux sensibles - ABENI HAIR\" \/>\n<meta property=\"og:description\" content=\"Notre soin hydratant pour peaux sensibles est con\u00e7u pour calmer et hydrater les peaux les plus d\u00e9licates. Sp\u00e9cialement formul\u00e9e pour r\u00e9duire les rougeurs et les irritations, cette cr\u00e8me hydratante douce offre un soulagement durable tout en renfor\u00e7ant la barri\u00e8re naturelle de la peau. L\u00e9g\u00e8re mais profond\u00e9ment nourrissante, elle s&#8217;absorbe sans [&hellip;]\" \/>\n<meta property=\"og:url\" content=\"https:\/\/abenihair.com\/en\/product\/creme-hydratante-pour-peaux-sensibles\/\" \/>\n<meta property=\"og:site_name\" content=\"ABENI HAIR\" \/>\n<meta property=\"article:modified_time\" content=\"2025-06-04T19:22:32+00:00\" \/>\n<meta property=\"og:image\" content=\"https:\/\/abenihair.com\/wp-content\/uploads\/2025\/06\/D9lRjnXgLU_lusvpvo8y1VBk1VImkcFm-scaled.jpg\" \/>\n\t<meta property=\"og:image:width\" content=\"1930\" \/>\n\t<meta property=\"og:image:height\" content=\"2560\" \/>\n\t<meta property=\"og:image:type\" content=\"image\/jpeg\" \/>\n<meta name=\"twitter:card\" content=\"summary_large_image\" \/>\n<script type=\"application\/ld+json\" class=\"yoast-schema-graph\">{\"@context\":\"https:\/\/schema.org\",\"@graph\":[{\"@type\":\"WebPage\",\"@id\":\"https:\/\/abenihair.com\/en\/product\/creme-hydratante-pour-peaux-sensibles\/\",\"url\":\"https:\/\/abenihair.com\/en\/product\/creme-hydratante-pour-peaux-sensibles\/\",\"name\":\"Cr\u00e8me hydratante pour peaux sensibles - ABENI HAIR\",\"isPartOf\":{\"@id\":\"https:\/\/abenihair.com\/en\/#website\"},\"primaryImageOfPage\":{\"@id\":\"https:\/\/abenihair.com\/en\/product\/creme-hydratante-pour-peaux-sensibles\/#primaryimage\"},\"image\":{\"@id\":\"https:\/\/abenihair.com\/en\/product\/creme-hydratante-pour-peaux-sensibles\/#primaryimage\"},\"thumbnailUrl\":\"https:\/\/i0.wp.com\/abenihair.com\/wp-content\/uploads\/2025\/06\/D9lRjnXgLU_lusvpvo8y1VBk1VImkcFm-scaled.jpg?fit=1930%2C2560&ssl=1\",\"datePublished\":\"2025-06-04T19:22:17+00:00\",\"dateModified\":\"2025-06-04T19:22:32+00:00\",\"breadcrumb\":{\"@id\":\"https:\/\/abenihair.com\/en\/product\/creme-hydratante-pour-peaux-sensibles\/#breadcrumb\"},\"inLanguage\":\"en-US\",\"potentialAction\":[{\"@type\":\"ReadAction\",\"target\":[\"https:\/\/abenihair.com\/en\/product\/creme-hydratante-pour-peaux-sensibles\/\"]}]},{\"@type\":\"ImageObject\",\"inLanguage\":\"en-US\",\"@id\":\"https:\/\/abenihair.com\/en\/product\/creme-hydratante-pour-peaux-sensibles\/#primaryimage\",\"url\":\"https:\/\/i0.wp.com\/abenihair.com\/wp-content\/uploads\/2025\/06\/D9lRjnXgLU_lusvpvo8y1VBk1VImkcFm-scaled.jpg?fit=1930%2C2560&ssl=1\",\"contentUrl\":\"https:\/\/i0.wp.com\/abenihair.com\/wp-content\/uploads\/2025\/06\/D9lRjnXgLU_lusvpvo8y1VBk1VImkcFm-scaled.jpg?fit=1930%2C2560&ssl=1\",\"width\":1930,\"height\":2560},{\"@type\":\"BreadcrumbList\",\"@id\":\"https:\/\/abenihair.com\/en\/product\/creme-hydratante-pour-peaux-sensibles\/#breadcrumb\",\"itemListElement\":[{\"@type\":\"ListItem\",\"position\":1,\"name\":\"Accueil\",\"item\":\"https:\/\/abenihair.com\/en\/\"},{\"@type\":\"ListItem\",\"position\":2,\"name\":\"Store\",\"item\":\"https:\/\/abenihair.com\/en\/store\/\"},{\"@type\":\"ListItem\",\"position\":3,\"name\":\"Cr\u00e8me hydratante pour peaux sensibles\"}]},{\"@type\":\"WebSite\",\"@id\":\"https:\/\/abenihair.com\/en\/#website\",\"url\":\"https:\/\/abenihair.com\/en\/\",\"name\":\"ABENI HAIR\",\"description\":\"L&#039;excellence sinon rien\",\"potentialAction\":[{\"@type\":\"SearchAction\",\"target\":{\"@type\":\"EntryPoint\",\"urlTemplate\":\"https:\/\/abenihair.com\/en\/?s={search_term_string}\"},\"query-input\":{\"@type\":\"PropertyValueSpecification\",\"valueRequired\":true,\"valueName\":\"search_term_string\"}}],\"inLanguage\":\"en-US\"}]}<\/script>\n<!-- \/ Yoast SEO plugin. -->","yoast_head_json":{"title":"Cr\u00e8me hydratante pour peaux sensibles - ABENI HAIR","robots":{"index":"index","follow":"follow","max-snippet":"max-snippet:-1","max-image-preview":"max-image-preview:large","max-video-preview":"max-video-preview:-1"},"canonical":"https:\/\/abenihair.com\/en\/product\/creme-hydratante-pour-peaux-sensibles\/","og_locale":"en_US","og_type":"article","og_title":"Cr\u00e8me hydratante pour peaux sensibles - ABENI HAIR","og_description":"Notre soin hydratant pour peaux sensibles est con\u00e7u pour calmer et hydrater les peaux les plus d\u00e9licates. Sp\u00e9cialement formul\u00e9e pour r\u00e9duire les rougeurs et les irritations, cette cr\u00e8me hydratante douce offre un soulagement durable tout en renfor\u00e7ant la barri\u00e8re naturelle de la peau. L\u00e9g\u00e8re mais profond\u00e9ment nourrissante, elle s&#8217;absorbe sans [&hellip;]","og_url":"https:\/\/abenihair.com\/en\/product\/creme-hydratante-pour-peaux-sensibles\/","og_site_name":"ABENI HAIR","article_modified_time":"2025-06-04T19:22:32+00:00","og_image":[{"width":1930,"height":2560,"url":"https:\/\/abenihair.com\/wp-content\/uploads\/2025\/06\/D9lRjnXgLU_lusvpvo8y1VBk1VImkcFm-scaled.jpg","type":"image\/jpeg"}],"twitter_card":"summary_large_image","schema":{"@context":"https:\/\/schema.org","@graph":[{"@type":"WebPage","@id":"https:\/\/abenihair.com\/en\/product\/creme-hydratante-pour-peaux-sensibles\/","url":"https:\/\/abenihair.com\/en\/product\/creme-hydratante-pour-peaux-sensibles\/","name":"Cr\u00e8me hydratante pour peaux sensibles - ABENI HAIR","isPartOf":{"@id":"https:\/\/abenihair.com\/en\/#website"},"primaryImageOfPage":{"@id":"https:\/\/abenihair.com\/en\/product\/creme-hydratante-pour-peaux-sensibles\/#primaryimage"},"image":{"@id":"https:\/\/abenihair.com\/en\/product\/creme-hydratante-pour-peaux-sensibles\/#primaryimage"},"thumbnailUrl":"https:\/\/i0.wp.com\/abenihair.com\/wp-content\/uploads\/2025\/06\/D9lRjnXgLU_lusvpvo8y1VBk1VImkcFm-scaled.jpg?fit=1930%2C2560&ssl=1","datePublished":"2025-06-04T19:22:17+00:00","dateModified":"2025-06-04T19:22:32+00:00","breadcrumb":{"@id":"https:\/\/abenihair.com\/en\/product\/creme-hydratante-pour-peaux-sensibles\/#breadcrumb"},"inLanguage":"en-US","potentialAction":[{"@type":"ReadAction","target":["https:\/\/abenihair.com\/en\/product\/creme-hydratante-pour-peaux-sensibles\/"]}]},{"@type":"ImageObject","inLanguage":"en-US","@id":"https:\/\/abenihair.com\/en\/product\/creme-hydratante-pour-peaux-sensibles\/#primaryimage","url":"https:\/\/i0.wp.com\/abenihair.com\/wp-content\/uploads\/2025\/06\/D9lRjnXgLU_lusvpvo8y1VBk1VImkcFm-scaled.jpg?fit=1930%2C2560&ssl=1","contentUrl":"https:\/\/i0.wp.com\/abenihair.com\/wp-content\/uploads\/2025\/06\/D9lRjnXgLU_lusvpvo8y1VBk1VImkcFm-scaled.jpg?fit=1930%2C2560&ssl=1","width":1930,"height":2560},{"@type":"BreadcrumbList","@id":"https:\/\/abenihair.com\/en\/product\/creme-hydratante-pour-peaux-sensibles\/#breadcrumb","itemListElement":[{"@type":"ListItem","position":1,"name":"Accueil","item":"https:\/\/abenihair.com\/en\/"},{"@type":"ListItem","position":2,"name":"Store","item":"https:\/\/abenihair.com\/en\/store\/"},{"@type":"ListItem","position":3,"name":"Cr\u00e8me hydratante pour peaux sensibles"}]},{"@type":"WebSite","@id":"https:\/\/abenihair.com\/en\/#website","url":"https:\/\/abenihair.com\/en\/","name":"ABENI HAIR","description":"L&#039;excellence sinon rien","potentialAction":[{"@type":"SearchAction","target":{"@type":"EntryPoint","urlTemplate":"https:\/\/abenihair.com\/en\/?s={search_term_string}"},"query-input":{"@type":"PropertyValueSpecification","valueRequired":true,"valueName":"search_term_string"}}],"inLanguage":"en-US"}]}},"_links":{"self":[{"href":"https:\/\/abenihair.com\/en\/wp-json\/wp\/v2\/product\/119143","targetHints":{"allow":["GET"]}}],"collection":[{"href":"https:\/\/abenihair.com\/en\/wp-json\/wp\/v2\/product"}],"about":[{"href":"https:\/\/abenihair.com\/en\/wp-json\/wp\/v2\/types\/product"}],"replies":[{"embeddable":true,"href":"https:\/\/abenihair.com\/en\/wp-json\/wp\/v2\/comments?post=119143"}],"wp:featuredmedia":[{"embeddable":true,"href":"https:\/\/abenihair.com\/en\/wp-json\/wp\/v2\/media\/119144"}],"wp:attachment":[{"href":"https:\/\/abenihair.com\/en\/wp-json\/wp\/v2\/media?parent=119143"}],"wp:term":[{"taxonomy":"product_brand","embeddable":true,"href":"https:\/\/abenihair.com\/en\/wp-json\/wp\/v2\/product_brand?post=119143"},{"taxonomy":"product_cat","embeddable":true,"href":"https:\/\/abenihair.com\/en\/wp-json\/wp\/v2\/product_cat?post=119143"},{"taxonomy":"product_tag","embeddable":true,"href":"https:\/\/abenihair.com\/en\/wp-json\/wp\/v2\/product_tag?post=119143"}],"curies":[{"name":"wp","href":"https:\/\/api.w.org\/{rel}","templated":true}]}}